{"id":5747,"date":"2022-03-15T12:53:38","date_gmt":"2022-03-15T12:53:38","guid":{"rendered":"https:\/\/me-mt.com\/?page_id=5747"},"modified":"2025-11-24T15:46:09","modified_gmt":"2025-11-24T15:46:09","slug":"bleche","status":"publish","type":"page","link":"https:\/\/me-mt.com\/de\/produkte\/maschinenbau\/bleche\/","title":{"rendered":"Bleche"},"content":{"rendered":"<p>[et_pb_section fb_built=&#8220;1&#8243; _builder_version=&#8220;4.9.4&#8243; _module_preset=&#8220;default&#8220; background_color=&#8220;RGBA(0,0,0,0)&#8220; background_enable_image=&#8220;off&#8220; custom_margin=&#8220;0px|0px|0px|0px|false|false&#8220; custom_padding=&#8220;50px|0px|0px|0px|false|false&#8220;][et_pb_row _builder_version=&#8220;4.9.4&#8243; _module_preset=&#8220;default&#8220; background_color=&#8220;RGBA(0,0,0,0)&#8220; max_width=&#8220;1055px&#8220; custom_margin=&#8220;|auto||auto|false|false&#8220; custom_padding=&#8220;0px||0px||false|false&#8220; animation_style=&#8220;zoom&#8220; animation_intensity_zoom=&#8220;4%&#8220;][et_pb_column type=&#8220;4_4&#8243; _builder_version=&#8220;4.9.4&#8243; _module_preset=&#8220;default&#8220; background_enable_image=&#8220;off&#8220;][et_pb_text _builder_version=&#8220;4.9.4&#8243; _module_preset=&#8220;default&#8220; min_height=&#8220;31px&#8220; custom_margin=&#8220;50px||||false|false&#8220; hover_enabled=&#8220;0&#8243; sticky_enabled=&#8220;0&#8243;]<\/p>\n<h2 style=\"text-align: center;\">Bleche<\/h2>\n<p>[\/et_pb_text][et_pb_divider divider_weight=&#8220;3px&#8220; _builder_version=&#8220;4.9.4&#8243; _module_preset=&#8220;default&#8220; min_height=&#8220;26px&#8220; custom_margin=&#8220;||9px|||&#8220;][\/et_pb_divider][\/et_pb_column][\/et_pb_row][\/et_pb_section][et_pb_section fb_built=&#8220;1&#8243; _builder_version=&#8220;4.9.4&#8243; _module_preset=&#8220;default&#8220; custom_padding=&#8220;0px||50px||false|false&#8220;][et_pb_row column_structure=&#8220;1_2,1_2&#8243; module_id=&#8220;TitaanAnodekorven&#8220; _builder_version=&#8220;4.9.4&#8243; _module_preset=&#8220;default&#8220; max_width=&#8220;1055px&#8220; min_height=&#8220;100px&#8220; custom_margin=&#8220;|auto|0px|auto|false|false&#8220; custom_padding=&#8220;41px||0px|||&#8220; animation_style=&#8220;zoom&#8220; animation_intensity_zoom=&#8220;4%&#8220;][et_pb_column type=&#8220;1_2&#8243; _builder_version=&#8220;4.9.4&#8243; _module_preset=&#8220;default&#8220; background_enable_image=&#8220;off&#8220;][et_pb_cta button_text=&#8220;Clicks&#8220; _builder_version=&#8220;4.9.4&#8243; _module_preset=&#8220;default&#8220; background_color=&#8220;RGBA(0,0,0,0)&#8220; background_enable_image=&#8220;off&#8220; background_layout=&#8220;light&#8220; width=&#8220;100%&#8220; height=&#8220;694px&#8220; custom_margin=&#8220;||0px||false|false&#8220; animation_style=&#8220;slide&#8220; animation_direction=&#8220;left&#8220; animation_intensity_slide=&#8220;8%&#8220; hover_enabled=&#8220;0&#8243; box_shadow_style=&#8220;preset3&#8243; box_shadow_horizontal=&#8220;12px&#8220; box_shadow_vertical=&#8220;0px&#8220; sticky_enabled=&#8220;0&#8243;]<\/p>\n<p style=\"font-weight: 400; text-align: left;\">Bleche sind in verschiedenen Materialien, Dicken und Abmessungen erh\u00e4ltlich. In unserem Titanium-webshop.eu haben wir Titanblechmaterial als Standardprodukte verf\u00fcgbar, dh Dicke x L\u00e4nge x Breite, von Dicke 0,5 mm bis Dicke 25 mm.<\/p>\n<p style=\"font-weight: 400; text-align: left;\">Dar\u00fcber hinaus bieten wir Anpassungen an; Einerseits ist es m\u00f6glich, Bleche in Dicken \u00fcber 25 mm anzufordern, andererseits bieten wir die M\u00f6glichkeit, uns Zeichnungen zuzusenden, die Ihr Produkt zeigen. Dieses Produkt kann wasser- oder lasergeschnitten werden, einschlie\u00dflich beispielsweise L\u00f6chern oder Biegen und einschlie\u00dflich jeglichem Schwei\u00dfen und einer Oberfl\u00e4chenbehandlung.<\/p>\n<p style=\"font-weight: 400; text-align: left;\">Weitere Informationen finden Sie auf unserer Seite \u201eBearbeitungen\u201c oder fragen Sie \u00fcber unsere Kontaktseite nach den M\u00f6glichkeiten.<\/p>\n<p style=\"text-align: center;\"><strong><a href=\"#contact-footer\" class=\"yc-info-button\" style=\"background:#f68724;color:#fff;padding:15px 30px;display:inline-block;text-decoration:none;border-radius:8px;\">Kontakt<\/a><\/strong><\/p>\n<p>[\/et_pb_cta][\/et_pb_column][et_pb_column type=&#8220;1_2&#8243; _builder_version=&#8220;4.9.4&#8243; _module_preset=&#8220;default&#8220;][et_pb_image src=&#8220;https:\/\/me-mt.com\/wp-content\/uploads\/2022\/03\/Plaat-maatwerk_10.jpg&#8220; title_text=&#8220;Plaat maatwerk_10&#8243; show_in_lightbox=&#8220;on&#8220; align=&#8220;center&#8220; force_fullwidth=&#8220;on&#8220; _builder_version=&#8220;4.9.4&#8243; _module_preset=&#8220;default&#8220; custom_margin=&#8220;||||false|false&#8220; custom_padding=&#8220;||1px|||&#8220;][\/et_pb_image][et_pb_image src=&#8220;https:\/\/me-mt.com\/wp-content\/uploads\/2022\/03\/Plaat-maatwerk_08.jpg&#8220; title_text=&#8220;Plaat maatwerk_08&#8243; show_in_lightbox=&#8220;on&#8220; align=&#8220;center&#8220; force_fullwidth=&#8220;on&#8220; _builder_version=&#8220;4.9.4&#8243; _module_preset=&#8220;default&#8220; custom_margin=&#8220;||||false|false&#8220; custom_padding=&#8220;||1px|||&#8220;][\/et_pb_image][\/et_pb_column][\/et_pb_row][et_pb_row column_structure=&#8220;1_2,1_2&#8243; module_id=&#8220;TitaanAnodekorven&#8220; _builder_version=&#8220;4.9.4&#8243; _module_preset=&#8220;default&#8220; max_width=&#8220;1055px&#8220; min_height=&#8220;100px&#8220; custom_margin=&#8220;|auto|0px|auto|false|false&#8220; custom_padding=&#8220;41px||0px|||&#8220; animation_style=&#8220;zoom&#8220; animation_intensity_zoom=&#8220;4%&#8220;][et_pb_column type=&#8220;1_2&#8243; _builder_version=&#8220;4.9.4&#8243; _module_preset=&#8220;default&#8220; background_enable_image=&#8220;off&#8220;][et_pb_image src=&#8220;https:\/\/me-mt.com\/wp-content\/uploads\/2022\/03\/Plaat-standaard.jpg&#8220; title_text=&#8220;Plaat standaard&#8220; show_in_lightbox=&#8220;on&#8220; align=&#8220;center&#8220; force_fullwidth=&#8220;on&#8220; _builder_version=&#8220;4.9.4&#8243; _module_preset=&#8220;default&#8220; custom_margin=&#8220;||||false|false&#8220; custom_padding=&#8220;||1px|||&#8220;][\/et_pb_image][\/et_pb_column][et_pb_column type=&#8220;1_2&#8243; _builder_version=&#8220;4.9.4&#8243; _module_preset=&#8220;default&#8220;][et_pb_image src=&#8220;https:\/\/me-mt.com\/wp-content\/uploads\/2022\/03\/Plaat-maatwerk_09.jpg&#8220; title_text=&#8220;Plaat maatwerk_09&#8243; show_in_lightbox=&#8220;on&#8220; align=&#8220;center&#8220; force_fullwidth=&#8220;on&#8220; _builder_version=&#8220;4.9.4&#8243; _module_preset=&#8220;default&#8220; custom_margin=&#8220;||||false|false&#8220; custom_padding=&#8220;||1px|||&#8220;][\/et_pb_image][\/et_pb_column][\/et_pb_row][\/et_pb_section]<\/p>\n","protected":false},"excerpt":{"rendered":"<p>[et_pb_section fb_built=&#8220;1&#8243; _builder_version=&#8220;4.9.4&#8243; _module_preset=&#8220;default&#8220; background_color=&#8220;RGBA(0,0,0,0)&#8220; background_enable_image=&#8220;off&#8220; custom_margin=&#8220;0px|0px|0px|0px|false|false&#8220; custom_padding=&#8220;50px|0px|0px|0px|false|false&#8220;][et_pb_row _builder_version=&#8220;4.9.4&#8243; _module_preset=&#8220;default&#8220; background_color=&#8220;RGBA(0,0,0,0)&#8220; max_width=&#8220;1055px&#8220; custom_margin=&#8220;|auto||auto|false|false&#8220; custom_padding=&#8220;0px||0px||false|false&#8220; animation_style=&#8220;zoom&#8220; animation_intensity_zoom=&#8220;4%&#8220;][et_pb_column type=&#8220;4_4&#8243; _builder_version=&#8220;4.9.4&#8243; _module_preset=&#8220;default&#8220; background_enable_image=&#8220;off&#8220;][et_pb_text _builder_version=&#8220;4.9.4&#8243; _module_preset=&#8220;default&#8220; min_height=&#8220;31px&#8220; custom_margin=&#8220;50px||||false|false&#8220; hover_enabled=&#8220;0&#8243; sticky_enabled=&#8220;0&#8243;] Bleche [\/et_pb_text][et_pb_divider divider_weight=&#8220;3px&#8220; _builder_version=&#8220;4.9.4&#8243; _module_preset=&#8220;default&#8220; min_height=&#8220;26px&#8220; custom_margin=&#8220;||9px|||&#8220;][\/et_pb_divider][\/et_pb_column][\/et_pb_row][\/et_pb_section][et_pb_section fb_built=&#8220;1&#8243; _builder_version=&#8220;4.9.4&#8243; _module_preset=&#8220;default&#8220; custom_padding=&#8220;0px||50px||false|false&#8220;][et_pb_row column_structure=&#8220;1_2,1_2&#8243; module_id=&#8220;TitaanAnodekorven&#8220; _builder_version=&#8220;4.9.4&#8243; _module_preset=&#8220;default&#8220; max_width=&#8220;1055px&#8220; min_height=&#8220;100px&#8220; custom_margin=&#8220;|auto|0px|auto|false|false&#8220; custom_padding=&#8220;41px||0px|||&#8220; animation_style=&#8220;zoom&#8220; animation_intensity_zoom=&#8220;4%&#8220;][et_pb_column type=&#8220;1_2&#8243; _builder_version=&#8220;4.9.4&#8243; _module_preset=&#8220;default&#8220; background_enable_image=&#8220;off&#8220;][et_pb_cta button_text=&#8220;Clicks&#8220; _builder_version=&#8220;4.9.4&#8243; _module_preset=&#8220;default&#8220; background_color=&#8220;RGBA(0,0,0,0)&#8220; [&hellip;]<\/p>\n","protected":false},"author":4,"featured_media":0,"parent":4868,"menu_order":2,"comment_status":"closed","ping_status":"closed","template":"","meta":{"_et_pb_use_builder":"on","_et_pb_old_content":"","_et_gb_content_width":"","om_disable_all_campaigns":false,"_exactmetrics_skip_tracking":false,"_exactmetrics_sitenote_active":false,"_exactmetrics_sitenote_note":"","_exactmetrics_sitenote_category":0,"_monsterinsights_skip_tracking":false,"_monsterinsights_sitenote_active":false,"_monsterinsights_sitenote_note":"","_monsterinsights_sitenote_category":0,"_uf_show_specific_survey":0,"_uf_disable_surveys":false,"footnotes":""},"class_list":["post-5747","page","type-page","status-publish","hentry"],"aioseo_notices":[],"_links":{"self":[{"href":"https:\/\/me-mt.com\/de\/wp-json\/wp\/v2\/pages\/5747","targetHints":{"allow":["GET"]}}],"collection":[{"href":"https:\/\/me-mt.com\/de\/wp-json\/wp\/v2\/pages"}],"about":[{"href":"https:\/\/me-mt.com\/de\/wp-json\/wp\/v2\/types\/page"}],"author":[{"embeddable":true,"href":"https:\/\/me-mt.com\/de\/wp-json\/wp\/v2\/users\/4"}],"replies":[{"embeddable":true,"href":"https:\/\/me-mt.com\/de\/wp-json\/wp\/v2\/comments?post=5747"}],"version-history":[{"count":4,"href":"https:\/\/me-mt.com\/de\/wp-json\/wp\/v2\/pages\/5747\/revisions"}],"predecessor-version":[{"id":6878,"href":"https:\/\/me-mt.com\/de\/wp-json\/wp\/v2\/pages\/5747\/revisions\/6878"}],"up":[{"embeddable":true,"href":"https:\/\/me-mt.com\/de\/wp-json\/wp\/v2\/pages\/4868"}],"wp:attachment":[{"href":"https:\/\/me-mt.com\/de\/wp-json\/wp\/v2\/media?parent=5747"}],"curies":[{"name":"wp","href":"https:\/\/api.w.org\/{rel}","templated":true}]}}