{"id":5511,"date":"2022-03-15T09:40:08","date_gmt":"2022-03-15T09:40:08","guid":{"rendered":"https:\/\/me-mt.com\/?page_id=5511"},"modified":"2022-05-31T11:13:15","modified_gmt":"2022-05-31T11:13:15","slug":"rundschleifen-flachschleifen","status":"publish","type":"page","link":"https:\/\/me-mt.com\/de\/bearbeitungen\/rundschleifen-flachschleifen\/","title":{"rendered":"Rundschleifen &#8211; Flachschleifen"},"content":{"rendered":"<p>[et_pb_section fb_built=&#8220;1&#8243; _builder_version=&#8220;4.9.4&#8243; _module_preset=&#8220;default&#8220; background_color=&#8220;RGBA(0,0,0,0)&#8220; background_enable_image=&#8220;off&#8220; custom_margin=&#8220;0px|0px|0px|0px|false|false&#8220; custom_padding=&#8220;50px|0px|0px|0px|false|false&#8220;][et_pb_row _builder_version=&#8220;4.9.4&#8243; _module_preset=&#8220;default&#8220; background_color=&#8220;RGBA(0,0,0,0)&#8220; max_width=&#8220;1055px&#8220; custom_margin=&#8220;|auto||auto|false|false&#8220; custom_padding=&#8220;0px||0px||false|false&#8220; animation_style=&#8220;zoom&#8220; animation_intensity_zoom=&#8220;4%&#8220;][et_pb_column type=&#8220;4_4&#8243; _builder_version=&#8220;4.9.4&#8243; _module_preset=&#8220;default&#8220; background_enable_image=&#8220;off&#8220;][et_pb_text _builder_version=&#8220;4.9.4&#8243; _module_preset=&#8220;default&#8220; min_height=&#8220;31px&#8220; custom_margin=&#8220;50px||||false|false&#8220;]<\/p>\n<h2 style=\"text-align: center;\">Rundschleifen &#8211; Flachschleifen<\/h2>\n<p>[\/et_pb_text][et_pb_divider divider_weight=&#8220;3px&#8220; _builder_version=&#8220;4.9.4&#8243; _module_preset=&#8220;default&#8220; min_height=&#8220;26px&#8220; custom_margin=&#8220;||9px|||&#8220;][\/et_pb_divider][\/et_pb_column][\/et_pb_row][\/et_pb_section][et_pb_section fb_built=&#8220;1&#8243; _builder_version=&#8220;4.9.4&#8243; _module_preset=&#8220;default&#8220; custom_padding=&#8220;0px||50px||false|false&#8220;][et_pb_row column_structure=&#8220;1_2,1_2&#8243; module_id=&#8220;TitaanAnodekorven&#8220; _builder_version=&#8220;4.9.4&#8243; _module_preset=&#8220;default&#8220; max_width=&#8220;1055px&#8220; min_height=&#8220;418px&#8220; custom_margin=&#8220;|auto|50px|auto|false|false&#8220; custom_padding=&#8220;18px||0px||false|false&#8220; animation_style=&#8220;zoom&#8220; animation_intensity_zoom=&#8220;4%&#8220;][et_pb_column type=&#8220;1_2&#8243; _builder_version=&#8220;4.9.4&#8243; _module_preset=&#8220;default&#8220; background_enable_image=&#8220;off&#8220;][et_pb_cta button_text=&#8220;Clicks&#8220; _builder_version=&#8220;4.9.4&#8243; _module_preset=&#8220;default&#8220; background_color=&#8220;RGBA(0,0,0,0)&#8220; background_enable_image=&#8220;off&#8220; background_layout=&#8220;light&#8220; width=&#8220;100%&#8220; custom_margin=&#8220;0px|0px|0px|0px|false|false&#8220; custom_padding=&#8220;||10px||false|false&#8220; animation_style=&#8220;slide&#8220; animation_direction=&#8220;left&#8220; animation_intensity_slide=&#8220;8%&#8220; hover_enabled=&#8220;0&#8243; box_shadow_style=&#8220;preset3&#8243; box_shadow_horizontal=&#8220;12px&#8220; box_shadow_vertical=&#8220;0px&#8220; sticky_enabled=&#8220;0&#8243;]<\/p>\n<p style=\"font-weight: 400; text-align: left;\"><strong>Rundschleifen <\/strong><\/p>\n<p style=\"font-weight: 400; text-align: left;\">Rundschleifen ist Pr\u00e4zisionsarbeit mit kleinsten Toleranzen bis in den Mikrobereich. Die Technologie wird haupts\u00e4chlich zum Schleifen von langen, runden Wellen verwendet.<\/p>\n<p style=\"font-weight: 400; text-align: left;\">Es gibt verschiedene Bearbeitungsmethoden:<\/p>\n<ul style=\"text-align: left;\">\n<li>Rundschleifen zwischen 2 Spitzen mit extrem hoher Pr\u00e4zision;<\/li>\n<li>Spitzenloses Rundschleifen.<\/li>\n<\/ul>\n<p style=\"font-weight: 400; text-align: left;\">ME-Metals &amp; Technologies arbeitet mit einem renommierten Unternehmen zusammen, mit einem klimatisierten Bearbeitungszentrum, das h\u00f6chste Anforderungen f\u00fcr das Rundschleifen im Innen- und Au\u00dfenbereich erf\u00fcllt.<\/p>\n<p style=\"font-weight: 400; text-align: left;\">Wenn Sie eine Anwendung haben, die kleine Toleranzen erfordert, kontaktieren Sie uns bitte; wir liefern Produkte komplett nach Ihrer Zeichnung.<\/p>\n<p>[\/et_pb_cta][\/et_pb_column][et_pb_column type=&#8220;1_2&#8243; _builder_version=&#8220;4.9.4&#8243; _module_preset=&#8220;default&#8220; background_enable_image=&#8220;off&#8220;][et_pb_image src=&#8220;https:\/\/me-mt.com\/wp-content\/uploads\/2022\/05\/Rondslijpen.jpg&#8220; title_text=&#8220;High,Accuracy,Surface,Cylindrical,Grinding,Machine,Of,Manufacturing,Finishing,Process&#8220; align=&#8220;center&#8220; force_fullwidth=&#8220;on&#8220; _builder_version=&#8220;4.9.4&#8243; _module_preset=&#8220;default&#8220; custom_margin=&#8220;||||false|false&#8220; custom_padding=&#8220;||1px|||&#8220;][\/et_pb_image][\/et_pb_column][\/et_pb_row][et_pb_row _builder_version=&#8220;4.9.4&#8243; _module_preset=&#8220;default&#8220; background_color=&#8220;RGBA(0,0,0,0)&#8220; max_width=&#8220;1055px&#8220; custom_margin=&#8220;|auto||auto|false|false&#8220; custom_padding=&#8220;0px||0px||false|false&#8220; animation_style=&#8220;zoom&#8220; animation_intensity_zoom=&#8220;4%&#8220;][et_pb_column type=&#8220;4_4&#8243; _builder_version=&#8220;4.9.4&#8243; _module_preset=&#8220;default&#8220; background_enable_image=&#8220;off&#8220;][et_pb_divider divider_weight=&#8220;3px&#8220; _builder_version=&#8220;4.9.4&#8243; _module_preset=&#8220;default&#8220; min_height=&#8220;26px&#8220; custom_margin=&#8220;||9px|||&#8220;][\/et_pb_divider][\/et_pb_column][\/et_pb_row][et_pb_row module_id=&#8220;TitaanAnodekorven&#8220; _builder_version=&#8220;4.9.4&#8243; _module_preset=&#8220;default&#8220; max_width=&#8220;1055px&#8220; min_height=&#8220;100px&#8220; custom_margin=&#8220;|auto|0px|auto|false|false&#8220; custom_padding=&#8220;41px||0px|||&#8220; animation_style=&#8220;zoom&#8220; animation_intensity_zoom=&#8220;4%&#8220;][et_pb_column type=&#8220;4_4&#8243; _builder_version=&#8220;4.9.4&#8243; _module_preset=&#8220;default&#8220; background_enable_image=&#8220;off&#8220;][et_pb_cta button_text=&#8220;Clicks&#8220; _builder_version=&#8220;4.9.4&#8243; _module_preset=&#8220;default&#8220; background_color=&#8220;RGBA(0,0,0,0)&#8220; background_enable_image=&#8220;off&#8220; background_layout=&#8220;light&#8220; width=&#8220;100%&#8220; custom_padding=&#8220;||10px||false|false&#8220; animation_style=&#8220;slide&#8220; animation_direction=&#8220;left&#8220; animation_intensity_slide=&#8220;8%&#8220; hover_enabled=&#8220;0&#8243; box_shadow_style=&#8220;preset3&#8243; box_shadow_horizontal=&#8220;12px&#8220; box_shadow_vertical=&#8220;0px&#8220; sticky_enabled=&#8220;0&#8243;]<\/p>\n<p style=\"font-weight: 400; text-align: left;\"><strong>Flachschleifen <\/strong><\/p>\n<p style=\"font-weight: 400; text-align: left;\">Wo das Rundschleifen das Gegenteil zum Drehen ist, ist das Flachschleifen das zum Fr\u00e4sen. ME-Metals &amp; Technologies bietet Ihnen die M\u00f6glichkeit, Bleche mit hoher Leistung und h\u00f6chster Pr\u00e4zision durch Flachschleifen und\/oder Sauberschleifen zu konfektionieren. Die CNC-Schleifmaschinen, auf denen dieses Flachschleifen erfolgt, k\u00f6nnen alle m\u00f6glichen Profile entsprechend der vom Kunden gew\u00fcnschten Genauigkeit auch bei gr\u00f6\u00dferen Abmessungen bis 7500 mm realisieren.<\/p>\n<p style=\"font-weight: 400; text-align: left;\">Das Sch\u00e4rfen verschiedener Messer ist die Hauptanwendung f\u00fcr das Flachschleifverfahren. Durch den Gebrauch tritt ein Verschlei\u00df auf an den Schneidkant, der dann gesch\u00e4rft werden m\u00fc\u00df. Das Nachschleifen erfolgt nach Kundenspezifikation.<\/p>\n<p style=\"font-weight: 400; text-align: left;\">Haben Sie auch Messer, die gesch\u00e4rft werden m\u00fcssen? Sie k\u00f6nnen uns gerne kontaktieren.<\/p>\n<p>[\/et_pb_cta][\/et_pb_column][\/et_pb_row][\/et_pb_section]<\/p>\n","protected":false},"excerpt":{"rendered":"<p>[et_pb_section fb_built=&#8220;1&#8243; _builder_version=&#8220;4.9.4&#8243; _module_preset=&#8220;default&#8220; background_color=&#8220;RGBA(0,0,0,0)&#8220; background_enable_image=&#8220;off&#8220; custom_margin=&#8220;0px|0px|0px|0px|false|false&#8220; custom_padding=&#8220;50px|0px|0px|0px|false|false&#8220;][et_pb_row _builder_version=&#8220;4.9.4&#8243; _module_preset=&#8220;default&#8220; background_color=&#8220;RGBA(0,0,0,0)&#8220; max_width=&#8220;1055px&#8220; custom_margin=&#8220;|auto||auto|false|false&#8220; custom_padding=&#8220;0px||0px||false|false&#8220; animation_style=&#8220;zoom&#8220; animation_intensity_zoom=&#8220;4%&#8220;][et_pb_column type=&#8220;4_4&#8243; _builder_version=&#8220;4.9.4&#8243; _module_preset=&#8220;default&#8220; background_enable_image=&#8220;off&#8220;][et_pb_text _builder_version=&#8220;4.9.4&#8243; _module_preset=&#8220;default&#8220; min_height=&#8220;31px&#8220; custom_margin=&#8220;50px||||false|false&#8220;] Rundschleifen &#8211; Flachschleifen [\/et_pb_text][et_pb_divider divider_weight=&#8220;3px&#8220; _builder_version=&#8220;4.9.4&#8243; _module_preset=&#8220;default&#8220; min_height=&#8220;26px&#8220; custom_margin=&#8220;||9px|||&#8220;][\/et_pb_divider][\/et_pb_column][\/et_pb_row][\/et_pb_section][et_pb_section fb_built=&#8220;1&#8243; _builder_version=&#8220;4.9.4&#8243; _module_preset=&#8220;default&#8220; custom_padding=&#8220;0px||50px||false|false&#8220;][et_pb_row column_structure=&#8220;1_2,1_2&#8243; module_id=&#8220;TitaanAnodekorven&#8220; _builder_version=&#8220;4.9.4&#8243; _module_preset=&#8220;default&#8220; max_width=&#8220;1055px&#8220; min_height=&#8220;418px&#8220; custom_margin=&#8220;|auto|50px|auto|false|false&#8220; custom_padding=&#8220;18px||0px||false|false&#8220; animation_style=&#8220;zoom&#8220; animation_intensity_zoom=&#8220;4%&#8220;][et_pb_column type=&#8220;1_2&#8243; _builder_version=&#8220;4.9.4&#8243; _module_preset=&#8220;default&#8220; background_enable_image=&#8220;off&#8220;][et_pb_cta button_text=&#8220;Clicks&#8220; _builder_version=&#8220;4.9.4&#8243; _module_preset=&#8220;default&#8220; background_color=&#8220;RGBA(0,0,0,0)&#8220; [&hellip;]<\/p>\n","protected":false},"author":4,"featured_media":0,"parent":5524,"menu_order":5,"comment_status":"closed","ping_status":"closed","template":"","meta":{"_et_pb_use_builder":"on","_et_pb_old_content":"","_et_gb_content_width":"","om_disable_all_campaigns":false,"_exactmetrics_skip_tracking":false,"_exactmetrics_sitenote_active":false,"_exactmetrics_sitenote_note":"","_exactmetrics_sitenote_category":0,"_monsterinsights_skip_tracking":false,"_monsterinsights_sitenote_active":false,"_monsterinsights_sitenote_note":"","_monsterinsights_sitenote_category":0,"_uf_show_specific_survey":0,"_uf_disable_surveys":false,"footnotes":""},"class_list":["post-5511","page","type-page","status-publish","hentry"],"aioseo_notices":[],"_links":{"self":[{"href":"https:\/\/me-mt.com\/de\/wp-json\/wp\/v2\/pages\/5511","targetHints":{"allow":["GET"]}}],"collection":[{"href":"https:\/\/me-mt.com\/de\/wp-json\/wp\/v2\/pages"}],"about":[{"href":"https:\/\/me-mt.com\/de\/wp-json\/wp\/v2\/types\/page"}],"author":[{"embeddable":true,"href":"https:\/\/me-mt.com\/de\/wp-json\/wp\/v2\/users\/4"}],"replies":[{"embeddable":true,"href":"https:\/\/me-mt.com\/de\/wp-json\/wp\/v2\/comments?post=5511"}],"version-history":[{"count":2,"href":"https:\/\/me-mt.com\/de\/wp-json\/wp\/v2\/pages\/5511\/revisions"}],"predecessor-version":[{"id":5514,"href":"https:\/\/me-mt.com\/de\/wp-json\/wp\/v2\/pages\/5511\/revisions\/5514"}],"up":[{"embeddable":true,"href":"https:\/\/me-mt.com\/de\/wp-json\/wp\/v2\/pages\/5524"}],"wp:attachment":[{"href":"https:\/\/me-mt.com\/de\/wp-json\/wp\/v2\/media?parent=5511"}],"curies":[{"name":"wp","href":"https:\/\/api.w.org\/{rel}","templated":true}]}}