{"id":5436,"date":"2021-08-11T15:13:59","date_gmt":"2021-08-11T15:13:59","guid":{"rendered":"https:\/\/me-mt.com\/?page_id=5436"},"modified":"2025-11-24T15:24:58","modified_gmt":"2025-11-24T15:24:58","slug":"anodenkoerbe","status":"publish","type":"page","link":"https:\/\/me-mt.com\/de\/produkte\/anodenkoerbe\/","title":{"rendered":"Anodenk\u00f6rbe"},"content":{"rendered":"<p>[et_pb_section fb_built=&#8220;1&#8243; _builder_version=&#8220;4.9.4&#8243; _module_preset=&#8220;default&#8220; background_color=&#8220;#dbdbdb&#8220; background_enable_image=&#8220;off&#8220; custom_margin=&#8220;||0px||false|false&#8220; custom_padding=&#8220;50px||0px||false|false&#8220;][et_pb_row _builder_version=&#8220;4.9.4&#8243; _module_preset=&#8220;default&#8220; background_color=&#8220;RGBA(0,0,0,0)&#8220; max_width=&#8220;1055px&#8220; custom_margin=&#8220;|auto|0px|auto|false|false&#8220; custom_padding=&#8220;0px||50px||false|false&#8220; animation_style=&#8220;zoom&#8220; animation_intensity_zoom=&#8220;4%&#8220;][et_pb_column type=&#8220;4_4&#8243; _builder_version=&#8220;4.9.4&#8243; _module_preset=&#8220;default&#8220; background_enable_image=&#8220;off&#8220;][et_pb_text _builder_version=&#8220;4.9.4&#8243; _module_preset=&#8220;default&#8220; min_height=&#8220;31px&#8220; custom_margin=&#8220;50px||||false|false&#8220;]<\/p>\n<h2 style=\"text-align: center;\">Anodenk\u00f6rbe<\/h2>\n<p>[\/et_pb_text][et_pb_divider divider_weight=&#8220;3px&#8220; _builder_version=&#8220;4.9.4&#8243; _module_preset=&#8220;default&#8220; min_height=&#8220;26px&#8220; custom_margin=&#8220;||9px|||&#8220;][\/et_pb_divider][\/et_pb_column][\/et_pb_row][et_pb_row column_structure=&#8220;1_4,1_4,1_4,1_4&#8243; _builder_version=&#8220;4.9.4&#8243; _module_preset=&#8220;default&#8220; background_color=&#8220;RGBA(0,0,0,0)&#8220; max_width=&#8220;1055px&#8220; custom_margin=&#8220;|auto|0px|auto|false|false&#8220; custom_padding=&#8220;0px||100px||false|false&#8220; animation_style=&#8220;zoom&#8220; animation_intensity_zoom=&#8220;4%&#8220;][et_pb_column type=&#8220;1_4&#8243; _builder_version=&#8220;4.9.4&#8243; _module_preset=&#8220;default&#8220; background_enable_image=&#8220;off&#8220;][et_pb_button button_url=&#8220;#anodekorven&#8220; button_text=&#8220;Anodenk\u00f6rbe&#8220; button_alignment=&#8220;center&#8220; _builder_version=&#8220;4.9.4&#8243; _module_preset=&#8220;default&#8220; custom_button=&#8220;on&#8220; button_text_size=&#8220;16px&#8220; button_text_color=&#8220;#000000&#8243; button_border_color=&#8220;RGBA(0,0,0,0)&#8220; custom_margin=&#8220;||0px||false|false&#8220; box_shadow_style=&#8220;preset1&#8243;][\/et_pb_button][\/et_pb_column][et_pb_column type=&#8220;1_4&#8243; _builder_version=&#8220;4.9.4&#8243; _module_preset=&#8220;default&#8220; background_enable_image=&#8220;off&#8220;][et_pb_button button_url=&#8220;#ophanghaken&#8220; button_text=&#8220;Aufh\u00e4ngehaken&#8220; button_alignment=&#8220;center&#8220; _builder_version=&#8220;4.9.4&#8243; _module_preset=&#8220;default&#8220; custom_button=&#8220;on&#8220; button_text_size=&#8220;16px&#8220; button_text_color=&#8220;#000000&#8243; button_border_color=&#8220;RGBA(0,0,0,0)&#8220; custom_margin=&#8220;||0px||false|false&#8220; box_shadow_style=&#8220;preset1&#8243;][\/et_pb_button][\/et_pb_column][et_pb_column type=&#8220;1_4&#8243; _builder_version=&#8220;4.9.4&#8243; _module_preset=&#8220;default&#8220; background_enable_image=&#8220;off&#8220;][et_pb_button button_url=&#8220;#ophangrekken&#8220; button_text=&#8220;Galvanik Gestelle&#8220; button_alignment=&#8220;center&#8220; _builder_version=&#8220;4.9.4&#8243; _module_preset=&#8220;default&#8220; custom_button=&#8220;on&#8220; button_text_size=&#8220;16px&#8220; button_text_color=&#8220;#000000&#8243; button_border_color=&#8220;RGBA(0,0,0,0)&#8220; custom_margin=&#8220;||0px||false|false&#8220; box_shadow_style=&#8220;preset1&#8243;][\/et_pb_button][\/et_pb_column][et_pb_column type=&#8220;1_4&#8243; _builder_version=&#8220;4.9.4&#8243; _module_preset=&#8220;default&#8220; background_enable_image=&#8220;off&#8220;][et_pb_button button_url=&#8220;#PPzakkenfilterdoeken&#8220; button_text=&#8220;PP-Beutel und Filtert\u00fccher&#8220; button_alignment=&#8220;center&#8220; _builder_version=&#8220;4.9.4&#8243; _module_preset=&#8220;default&#8220; custom_button=&#8220;on&#8220; button_text_size=&#8220;16px&#8220; button_text_color=&#8220;#000000&#8243; button_border_color=&#8220;RGBA(0,0,0,0)&#8220; custom_margin=&#8220;||0px||false|false&#8220; box_shadow_style=&#8220;preset1&#8243;][\/et_pb_button][\/et_pb_column][\/et_pb_row][\/et_pb_section][et_pb_section fb_built=&#8220;1&#8243; _builder_version=&#8220;4.9.4&#8243; _module_preset=&#8220;default&#8220; custom_padding=&#8220;45px||50px||false|false&#8220;][et_pb_row column_structure=&#8220;1_2,1_2&#8243; module_id=&#8220;TitaanAnodekorven&#8220; _builder_version=&#8220;4.9.4&#8243; _module_preset=&#8220;default&#8220; max_width=&#8220;1055px&#8220; min_height=&#8220;100px&#8220; custom_margin=&#8220;|auto|0px|auto|false|false&#8220; custom_padding=&#8220;41px||0px|||&#8220; animation_style=&#8220;zoom&#8220; animation_intensity_zoom=&#8220;4%&#8220;][et_pb_column type=&#8220;1_2&#8243; _builder_version=&#8220;4.9.4&#8243; _module_preset=&#8220;default&#8220; background_enable_image=&#8220;off&#8220;][et_pb_cta title=&#8220;Anodenk\u00f6rbe&#8220; button_text=&#8220;Clicks&#8220; module_id=&#8220;anodekorven&#8220; _builder_version=&#8220;4.9.4&#8243; _module_preset=&#8220;default&#8220; background_color=&#8220;RGBA(0,0,0,0)&#8220; background_enable_image=&#8220;off&#8220; background_layout=&#8220;light&#8220; width=&#8220;100%&#8220; animation_style=&#8220;slide&#8220; animation_direction=&#8220;left&#8220; animation_intensity_slide=&#8220;8%&#8220; box_shadow_style=&#8220;preset3&#8243; box_shadow_horizontal=&#8220;12px&#8220; box_shadow_vertical=&#8220;0px&#8220;]<\/p>\n<p style=\"font-weight: 400; text-align: left;\">Anodenk\u00f6rbe aus Titan werden in der Galvanikindustrie zum Beispiel f\u00fcr Nickel- und Kupferb\u00e4der eingesetzt. Die K\u00f6rbe sind in verschiedenen Ausf\u00fchrungen erh\u00e4ltlich, von rechteckig \u00fcber l\u00e4nglich bis hin zu runden K\u00f6rben, ganz nach Kundenzeichnung oder -skizze.<\/p>\n<p style=\"font-weight: 400; text-align: left;\">Die K\u00f6rbe sind standardm\u00e4\u00dfig aus Streckmetall 10 x 5 x 1 mm. Auch kleinere Maschen ( Streckmetall 6 x 3 x 1 mm) \u00a0sind m\u00f6glich, z. B. f\u00fcr die Edelmetallindustrie. Passende Aufh\u00e4ngehaken sind in verschiedenen Gr\u00f6\u00dfen erh\u00e4ltlich.<\/p>\n<p style=\"font-weight: 400; text-align: left;\">Neben den Standard-Anodenk\u00f6rben aus Titan produzieren wir auch Zirkon-K\u00f6rbe und Edelstahl-Anodenk\u00f6rbe. Zirkonk\u00f6rbe werden meistens in Fluoridl\u00f6sungen verwendet, wo Titank\u00f6rbe nicht korrosionsbest\u00e4ndig sind.\u00a0Das Standardgewebe f\u00fcr Zirkon-Streckmetall ist 10 x 5 x 1 mm gro\u00df.\u00a0Auch unsere Zr.- K\u00f6rbe werden nach Kundenwunsch gefertigt.<\/p>\n<p style=\"font-weight: 400; text-align: left;\">Falls Sie es w\u00fcnschen, beraten wir Sie gerne im Bezug auf Stromst\u00e4rken, Hakenabmessungen, Form und Ausf\u00fchrung der K\u00f6rbe.\u00a0Nehmen Sie unverbindlich Kontakt zu uns auf.<\/p>\n<p style=\"text-align: center;\"><strong><a href=\"#contact-footer\" class=\"yc-info-button\" style=\"background:#f68724;color:#fff;padding:15px 30px;display:inline-block;text-decoration:none;border-radius:8px;\">Kontakt<\/a><\/strong><\/p>\n<p>[\/et_pb_cta][\/et_pb_column][et_pb_column type=&#8220;1_2&#8243; _builder_version=&#8220;4.9.4&#8243; _module_preset=&#8220;default&#8220;][et_pb_image src=&#8220;https:\/\/me-mt.com\/wp-content\/uploads\/2022\/05\/Anodekorf_PPzak_01.jpg&#8220; title_text=&#8220;Anodekorf_PPzak_01&#8243; align=&#8220;center&#8220; force_fullwidth=&#8220;on&#8220; _builder_version=&#8220;4.9.4&#8243; _module_preset=&#8220;default&#8220; custom_margin=&#8220;||||false|false&#8220; custom_padding=&#8220;||1px|||&#8220;][\/et_pb_image][\/et_pb_column][\/et_pb_row][et_pb_row _builder_version=&#8220;4.9.4&#8243; _module_preset=&#8220;default&#8220; max_width=&#8220;1055px&#8220; min_height=&#8220;100px&#8220; custom_margin=&#8220;|auto|0px|auto|false|false&#8220; custom_padding=&#8220;41px||0px|||&#8220;][et_pb_column type=&#8220;4_4&#8243; _builder_version=&#8220;4.9.4&#8243; _module_preset=&#8220;default&#8220; background_enable_image=&#8220;off&#8220;][et_pb_divider divider_weight=&#8220;3px&#8220; _builder_version=&#8220;4.9.4&#8243; _module_preset=&#8220;default&#8220; min_height=&#8220;26px&#8220; custom_margin=&#8220;||9px|||&#8220;][\/et_pb_divider][\/et_pb_column][\/et_pb_row][et_pb_row column_structure=&#8220;1_2,1_2&#8243; module_id=&#8220;ZirconiumAnodekorven&#8220; _builder_version=&#8220;4.9.4&#8243; _module_preset=&#8220;default&#8220; max_width=&#8220;1055px&#8220; min_height=&#8220;100px&#8220; custom_margin=&#8220;|auto|0px|auto|false|false&#8220; custom_padding=&#8220;41px||0px|||&#8220; animation_style=&#8220;zoom&#8220; animation_intensity_zoom=&#8220;4%&#8220;][et_pb_column type=&#8220;1_2&#8243; _builder_version=&#8220;4.9.4&#8243; _module_preset=&#8220;default&#8220; background_enable_image=&#8220;off&#8220;][et_pb_cta title=&#8220;Aufh\u00e4ngehaken&#8220; button_text=&#8220;Clicks&#8220; module_id=&#8220;ophanghaken&#8220; _builder_version=&#8220;4.9.4&#8243; _module_preset=&#8220;default&#8220; background_color=&#8220;RGBA(0,0,0,0)&#8220; background_enable_image=&#8220;off&#8220; background_layout=&#8220;light&#8220; width=&#8220;100%&#8220; animation_style=&#8220;slide&#8220; animation_direction=&#8220;left&#8220; animation_intensity_slide=&#8220;8%&#8220; box_shadow_style=&#8220;preset3&#8243; box_shadow_horizontal=&#8220;12px&#8220; box_shadow_vertical=&#8220;0px&#8220;]<\/p>\n<p style=\"font-weight: 400; text-align: left;\">Aufh\u00e4ngehaken gibt es in vielen Ausf\u00fchrungen, standardm\u00e4\u00dfig als 9,5\u00d79,5mm oder 12,7\u00d712,7mm Profil, aber auch andere Abmessungen sind m\u00f6glich.<\/p>\n<p style=\"font-weight: 400; text-align: left;\">Wir produzieren Haken nach ihrem Entwurf, basiert auf Anzahl, Abmessungen, Materialart und Ausf\u00fchrung der Haken.<\/p>\n<p style=\"font-weight: 400; text-align: left;\">Senden Sie uns bitte ihre Skizze oder Zeichnung.\u00a0Vielen Dank.<\/p>\n<p style=\"text-align: center;\"><strong><a href=\"#contact-footer\" class=\"yc-info-button\" style=\"background:#f68724;color:#fff;padding:15px 30px;display:inline-block;text-decoration:none;border-radius:8px;\">Kontakt<\/a><\/strong><\/p>\n<p>[\/et_pb_cta][\/et_pb_column][et_pb_column type=&#8220;1_2&#8243; _builder_version=&#8220;4.9.4&#8243; _module_preset=&#8220;default&#8220;][et_pb_image src=&#8220;https:\/\/me-mt.com\/wp-content\/uploads\/2021\/10\/C2B_ophanghaken_01.jpg&#8220; title_text=&#8220;C2B_ophanghaken_01&#8243; align=&#8220;center&#8220; force_fullwidth=&#8220;on&#8220; _builder_version=&#8220;4.9.4&#8243; _module_preset=&#8220;default&#8220; custom_margin=&#8220;||||false|false&#8220; custom_padding=&#8220;||1px|||&#8220;][\/et_pb_image][\/et_pb_column][\/et_pb_row][et_pb_row _builder_version=&#8220;4.9.4&#8243; _module_preset=&#8220;default&#8220; max_width=&#8220;1055px&#8220; min_height=&#8220;100px&#8220; custom_margin=&#8220;|auto|0px|auto|false|false&#8220; custom_padding=&#8220;41px||0px|||&#8220;][et_pb_column type=&#8220;4_4&#8243; _builder_version=&#8220;4.9.4&#8243; _module_preset=&#8220;default&#8220; background_enable_image=&#8220;off&#8220;][et_pb_divider divider_weight=&#8220;3px&#8220; _builder_version=&#8220;4.9.4&#8243; _module_preset=&#8220;default&#8220; min_height=&#8220;26px&#8220; custom_margin=&#8220;||9px|||&#8220;][\/et_pb_divider][\/et_pb_column][\/et_pb_row][et_pb_row module_id=&#8220;ProductievolgensKlantspecificatie&#8220; _builder_version=&#8220;4.9.4&#8243; _module_preset=&#8220;default&#8220; max_width=&#8220;1055px&#8220; min_height=&#8220;100px&#8220; custom_margin=&#8220;|auto|0px|auto|false|false&#8220; custom_padding=&#8220;41px||0px|||&#8220; animation_style=&#8220;zoom&#8220; animation_intensity_zoom=&#8220;4%&#8220; column_structure=&#8220;1_2,1_2&#8243;][et_pb_column type=&#8220;1_2&#8243; _builder_version=&#8220;4.9.4&#8243; _module_preset=&#8220;default&#8220; background_enable_image=&#8220;off&#8220;][et_pb_cta title=&#8220;Galvanik Gestelle&#8220; button_text=&#8220;Clicks&#8220; module_id=&#8220;ophangrekken&#8220; _builder_version=&#8220;4.9.4&#8243; _module_preset=&#8220;default&#8220; background_color=&#8220;RGBA(0,0,0,0)&#8220; background_enable_image=&#8220;off&#8220; background_layout=&#8220;light&#8220; width=&#8220;100%&#8220; animation_style=&#8220;slide&#8220; animation_direction=&#8220;left&#8220; animation_intensity_slide=&#8220;8%&#8220; box_shadow_style=&#8220;preset3&#8243; box_shadow_horizontal=&#8220;12px&#8220; box_shadow_vertical=&#8220;0px&#8220;]<\/p>\n<p style=\"font-weight: 400; text-align: left;\">Galvanik Gestelle werden in Absprache mit dem Kunden, basiert auf dem Endprodukt, konstruiert und produziert. F\u00fcr die Entwicklung wird vielfach eine 3D-Software verwendet, um sich ein gutes Bild von die Gestelle machen zu k\u00f6nnen.<\/p>\n<p style=\"font-weight: 400; text-align: left;\">Titanummantelte Aluminium (AlTi) Schiene, in \u00d819mm, werden h\u00e4ufig als Stromleitung verwendet.\u00a0Unsere Rundst\u00e4be haben eine gute Haftung zwischen Titan und Alu, damit eine beste Strom\u00fcbertragung garantiert ist.<\/p>\n<p style=\"font-weight: 400; text-align: left;\">ME-Metals &amp; Technologies hat AlTi-Profile in \u00d819mm x 3000mm L\u00e4nge standardm\u00e4\u00dfig auf Lager.<\/p>\n<p style=\"text-align: center;\"><strong><a href=\"#contact-footer\" class=\"yc-info-button\" style=\"background:#f68724;color:#fff;padding:15px 30px;display:inline-block;text-decoration:none;border-radius:8px;\">Kontakt<\/a><\/strong><\/p>\n<p>[\/et_pb_cta][\/et_pb_column][et_pb_column type=&#8220;1_2&#8243; _builder_version=&#8220;4.9.4&#8243; _module_preset=&#8220;default&#8220; background_enable_image=&#8220;off&#8220;][et_pb_image src=&#8220;https:\/\/me-mt.com\/wp-content\/uploads\/2022\/06\/ophangrekken.jpg&#8220; title_text=&#8220;ophangrekken&#8220; align=&#8220;center&#8220; force_fullwidth=&#8220;on&#8220; _builder_version=&#8220;4.9.4&#8243; _module_preset=&#8220;default&#8220; custom_margin=&#8220;||||false|false&#8220; custom_padding=&#8220;||1px|||&#8220; hover_enabled=&#8220;0&#8243; sticky_enabled=&#8220;0&#8243;][\/et_pb_image][\/et_pb_column][\/et_pb_row][et_pb_row _builder_version=&#8220;4.9.4&#8243; _module_preset=&#8220;default&#8220; max_width=&#8220;1055px&#8220; min_height=&#8220;100px&#8220; custom_margin=&#8220;|auto|0px|auto|false|false&#8220; custom_padding=&#8220;41px||0px|||&#8220;][et_pb_column type=&#8220;4_4&#8243; _builder_version=&#8220;4.9.4&#8243; _module_preset=&#8220;default&#8220; background_enable_image=&#8220;off&#8220;][et_pb_divider divider_weight=&#8220;3px&#8220; _builder_version=&#8220;4.9.4&#8243; _module_preset=&#8220;default&#8220; min_height=&#8220;26px&#8220; custom_margin=&#8220;||9px|||&#8220;][\/et_pb_divider][\/et_pb_column][\/et_pb_row][et_pb_row column_structure=&#8220;1_2,1_2&#8243; module_id=&#8220;PPZakken&#8220; _builder_version=&#8220;4.9.4&#8243; _module_preset=&#8220;default&#8220; max_width=&#8220;1055px&#8220; min_height=&#8220;100px&#8220; custom_margin=&#8220;|auto|0px|auto|false|false&#8220; custom_padding=&#8220;41px||0px|||&#8220; animation_style=&#8220;zoom&#8220; animation_intensity_zoom=&#8220;4%&#8220;][et_pb_column type=&#8220;1_2&#8243; _builder_version=&#8220;4.9.4&#8243; _module_preset=&#8220;default&#8220; background_enable_image=&#8220;off&#8220;][et_pb_cta title=&#8220;PP-Beutel und Filtert\u00fccher&#8220; button_text=&#8220;Clicks&#8220; module_id=&#8220;PPzakkenfilterdoeken&#8220; _builder_version=&#8220;4.9.4&#8243; _module_preset=&#8220;default&#8220; background_color=&#8220;RGBA(0,0,0,0)&#8220; background_enable_image=&#8220;off&#8220; background_layout=&#8220;light&#8220; width=&#8220;100%&#8220; animation_style=&#8220;slide&#8220; animation_direction=&#8220;left&#8220; animation_intensity_slide=&#8220;8%&#8220; box_shadow_style=&#8220;preset3&#8243; box_shadow_horizontal=&#8220;12px&#8220; box_shadow_vertical=&#8220;0px&#8220;]<\/p>\n<p style=\"font-weight: 400; text-align: left;\">PP-Anodentaschen werden aus einem PP-10Mikron-Filtergewebe gefertigt, nach passenden Ma\u00dfe der Anoden, und Anodek\u00f6rbe.\u00a0Die Faden und Riemen sind ebenfalls aus 100% PP.<\/p>\n<p style=\"font-weight: 400; text-align: left;\">Auf Wunsch sind Befestigungen mit Klettverschluss m\u00f6glich. Dar\u00fcber hinaus gibt es verschiedene Arten von Feinfiltergeweben f\u00fcr spezifische Anwendungen. Die Auswahl der Filtert\u00fccher ist auf die jeweilige Anwendung abgestimmt.<\/p>\n<p style=\"font-weight: 400; text-align: left;\">Wir empfehlen die Anodenbeutel vor Gebrauch immer zu waschen. Auf Wunsch erledigen wir das f\u00fcr Sie.<\/p>\n<p style=\"font-weight: 400; text-align: left;\">Neben Anodenbeutel aus PP liefern wir auch die Filterschl\u00e4uche und Manschetten.<\/p>\n<p style=\"text-align: center;\"><strong><a href=\"#contact-footer\" class=\"yc-info-button\" style=\"background:#f68724;color:#fff;padding:15px 30px;display:inline-block;text-decoration:none;border-radius:8px;\">Kontakt<\/a><\/strong><\/p>\n<p>[\/et_pb_cta][\/et_pb_column][et_pb_column type=&#8220;1_2&#8243; _builder_version=&#8220;4.9.4&#8243; _module_preset=&#8220;default&#8220;][et_pb_image src=&#8220;https:\/\/me-mt.com\/wp-content\/uploads\/2022\/05\/PP_zak_01.jpg&#8220; title_text=&#8220;PP_zak_01&#8243; align=&#8220;center&#8220; force_fullwidth=&#8220;on&#8220; _builder_version=&#8220;4.9.4&#8243; _module_preset=&#8220;default&#8220; custom_margin=&#8220;||||false|false&#8220; custom_padding=&#8220;||1px|||&#8220;][\/et_pb_image][et_pb_image src=&#8220;https:\/\/me-mt.com\/wp-content\/uploads\/2021\/10\/C2C_ophangrekken_02.jpg&#8220; title_text=&#8220;C2C_ophangrekken_02&#8243; align=&#8220;center&#8220; force_fullwidth=&#8220;on&#8220; _builder_version=&#8220;4.9.4&#8243; _module_preset=&#8220;default&#8220; custom_margin=&#8220;||||false|false&#8220; custom_padding=&#8220;||1px|||&#8220;][\/et_pb_image][et_pb_image src=&#8220;https:\/\/me-mt.com\/wp-content\/uploads\/2021\/10\/C2C_ophangrekken_03.jpg&#8220; title_text=&#8220;C2C_ophangrekken_03&#8243; align=&#8220;center&#8220; force_fullwidth=&#8220;on&#8220; _builder_version=&#8220;4.9.4&#8243; _module_preset=&#8220;default&#8220; custom_margin=&#8220;||||false|false&#8220; custom_padding=&#8220;||1px|||&#8220;][\/et_pb_image][\/et_pb_column][\/et_pb_row][\/et_pb_section]<\/p>\n","protected":false},"excerpt":{"rendered":"<p>[et_pb_section fb_built=&#8220;1&#8243; _builder_version=&#8220;4.9.4&#8243; _module_preset=&#8220;default&#8220; background_color=&#8220;#dbdbdb&#8220; background_enable_image=&#8220;off&#8220; custom_margin=&#8220;||0px||false|false&#8220; custom_padding=&#8220;50px||0px||false|false&#8220;][et_pb_row _builder_version=&#8220;4.9.4&#8243; _module_preset=&#8220;default&#8220; background_color=&#8220;RGBA(0,0,0,0)&#8220; max_width=&#8220;1055px&#8220; custom_margin=&#8220;|auto|0px|auto|false|false&#8220; custom_padding=&#8220;0px||50px||false|false&#8220; animation_style=&#8220;zoom&#8220; animation_intensity_zoom=&#8220;4%&#8220;][et_pb_column type=&#8220;4_4&#8243; _builder_version=&#8220;4.9.4&#8243; _module_preset=&#8220;default&#8220; background_enable_image=&#8220;off&#8220;][et_pb_text _builder_version=&#8220;4.9.4&#8243; _module_preset=&#8220;default&#8220; min_height=&#8220;31px&#8220; custom_margin=&#8220;50px||||false|false&#8220;] Anodenk\u00f6rbe [\/et_pb_text][et_pb_divider divider_weight=&#8220;3px&#8220; _builder_version=&#8220;4.9.4&#8243; _module_preset=&#8220;default&#8220; min_height=&#8220;26px&#8220; custom_margin=&#8220;||9px|||&#8220;][\/et_pb_divider][\/et_pb_column][\/et_pb_row][et_pb_row column_structure=&#8220;1_4,1_4,1_4,1_4&#8243; _builder_version=&#8220;4.9.4&#8243; _module_preset=&#8220;default&#8220; background_color=&#8220;RGBA(0,0,0,0)&#8220; max_width=&#8220;1055px&#8220; custom_margin=&#8220;|auto|0px|auto|false|false&#8220; custom_padding=&#8220;0px||100px||false|false&#8220; animation_style=&#8220;zoom&#8220; animation_intensity_zoom=&#8220;4%&#8220;][et_pb_column type=&#8220;1_4&#8243; _builder_version=&#8220;4.9.4&#8243; _module_preset=&#8220;default&#8220; background_enable_image=&#8220;off&#8220;][et_pb_button button_url=&#8220;#anodekorven&#8220; button_text=&#8220;Anodenk\u00f6rbe&#8220; button_alignment=&#8220;center&#8220; _builder_version=&#8220;4.9.4&#8243; _module_preset=&#8220;default&#8220; custom_button=&#8220;on&#8220; button_text_size=&#8220;16px&#8220; button_text_color=&#8220;#000000&#8243; button_border_color=&#8220;RGBA(0,0,0,0)&#8220; custom_margin=&#8220;||0px||false|false&#8220; box_shadow_style=&#8220;preset1&#8243;][\/et_pb_button][\/et_pb_column][et_pb_column [&hellip;]<\/p>\n","protected":false},"author":4,"featured_media":0,"parent":5625,"menu_order":2,"comment_status":"closed","ping_status":"closed","template":"","meta":{"_et_pb_use_builder":"on","_et_pb_old_content":"","_et_gb_content_width":"","om_disable_all_campaigns":false,"_exactmetrics_skip_tracking":false,"_exactmetrics_sitenote_active":false,"_exactmetrics_sitenote_note":"","_exactmetrics_sitenote_category":0,"_monsterinsights_skip_tracking":false,"_monsterinsights_sitenote_active":false,"_monsterinsights_sitenote_note":"","_monsterinsights_sitenote_category":0,"_uf_show_specific_survey":0,"_uf_disable_surveys":false,"footnotes":""},"class_list":["post-5436","page","type-page","status-publish","hentry"],"aioseo_notices":[],"_links":{"self":[{"href":"https:\/\/me-mt.com\/de\/wp-json\/wp\/v2\/pages\/5436","targetHints":{"allow":["GET"]}}],"collection":[{"href":"https:\/\/me-mt.com\/de\/wp-json\/wp\/v2\/pages"}],"about":[{"href":"https:\/\/me-mt.com\/de\/wp-json\/wp\/v2\/types\/page"}],"author":[{"embeddable":true,"href":"https:\/\/me-mt.com\/de\/wp-json\/wp\/v2\/users\/4"}],"replies":[{"embeddable":true,"href":"https:\/\/me-mt.com\/de\/wp-json\/wp\/v2\/comments?post=5436"}],"version-history":[{"count":5,"href":"https:\/\/me-mt.com\/de\/wp-json\/wp\/v2\/pages\/5436\/revisions"}],"predecessor-version":[{"id":6861,"href":"https:\/\/me-mt.com\/de\/wp-json\/wp\/v2\/pages\/5436\/revisions\/6861"}],"up":[{"embeddable":true,"href":"https:\/\/me-mt.com\/de\/wp-json\/wp\/v2\/pages\/5625"}],"wp:attachment":[{"href":"https:\/\/me-mt.com\/de\/wp-json\/wp\/v2\/media?parent=5436"}],"curies":[{"name":"wp","href":"https:\/\/api.w.org\/{rel}","templated":true}]}}