{"id":4922,"date":"2021-09-29T18:27:27","date_gmt":"2021-09-29T18:27:27","guid":{"rendered":"https:\/\/me-mt.com\/?page_id=4922"},"modified":"2022-05-03T14:26:41","modified_gmt":"2022-05-03T14:26:41","slug":"metallrueckgewinnung","status":"publish","type":"page","link":"https:\/\/me-mt.com\/de\/anwendungen\/metallrueckgewinnung\/","title":{"rendered":"Metallr\u00fcckgewinnung"},"content":{"rendered":"<p>[et_pb_section fb_built=&#8220;1&#8243; _builder_version=&#8220;4.9.4&#8243; _module_preset=&#8220;default&#8220; background_color=&#8220;RGBA(0,0,0,0)&#8220; background_enable_image=&#8220;off&#8220; custom_margin=&#8220;0px|0px|0px|0px|false|false&#8220; custom_padding=&#8220;50px|0px|0px|0px|false|false&#8220;][et_pb_row _builder_version=&#8220;4.9.4&#8243; _module_preset=&#8220;default&#8220; background_color=&#8220;RGBA(0,0,0,0)&#8220; max_width=&#8220;1055px&#8220; custom_margin=&#8220;|auto||auto|false|false&#8220; custom_padding=&#8220;0px||0px||false|false&#8220; animation_style=&#8220;zoom&#8220; animation_intensity_zoom=&#8220;4%&#8220;][et_pb_column type=&#8220;4_4&#8243; _builder_version=&#8220;4.9.4&#8243; _module_preset=&#8220;default&#8220; background_enable_image=&#8220;off&#8220;][et_pb_text _builder_version=&#8220;4.9.4&#8243; _module_preset=&#8220;default&#8220; min_height=&#8220;31px&#8220; custom_margin=&#8220;50px||||false|false&#8220; hover_enabled=&#8220;0&#8243; sticky_enabled=&#8220;0&#8243;]<\/p>\n<h3 style=\"text-align: center;\">Metallr\u00fcckgewinnung<\/h3>\n<p>[\/et_pb_text][et_pb_divider divider_weight=&#8220;3px&#8220; _builder_version=&#8220;4.9.4&#8243; _module_preset=&#8220;default&#8220; min_height=&#8220;26px&#8220; custom_margin=&#8220;||9px|||&#8220;][\/et_pb_divider][\/et_pb_column][\/et_pb_row][\/et_pb_section][et_pb_section fb_built=&#8220;1&#8243; _builder_version=&#8220;4.9.4&#8243; _module_preset=&#8220;default&#8220; custom_padding=&#8220;0px||50px||false|false&#8220;][et_pb_row column_structure=&#8220;1_2,1_2&#8243; module_id=&#8220;TitaanAnodekorven&#8220; _builder_version=&#8220;4.9.4&#8243; _module_preset=&#8220;default&#8220; max_width=&#8220;1055px&#8220; min_height=&#8220;100px&#8220; custom_margin=&#8220;|auto|0px|auto|false|false&#8220; custom_padding=&#8220;41px||0px|||&#8220; animation_style=&#8220;zoom&#8220; animation_intensity_zoom=&#8220;4%&#8220;][et_pb_column type=&#8220;1_2&#8243; _builder_version=&#8220;4.9.4&#8243; _module_preset=&#8220;default&#8220; background_enable_image=&#8220;off&#8220;][et_pb_cta button_text=&#8220;Clicks&#8220; _builder_version=&#8220;4.9.4&#8243; _module_preset=&#8220;default&#8220; background_color=&#8220;RGBA(0,0,0,0)&#8220; background_enable_image=&#8220;off&#8220; background_layout=&#8220;light&#8220; width=&#8220;100%&#8220; animation_style=&#8220;slide&#8220; animation_direction=&#8220;left&#8220; animation_intensity_slide=&#8220;8%&#8220; hover_enabled=&#8220;0&#8243; box_shadow_style=&#8220;preset3&#8243; box_shadow_horizontal=&#8220;12px&#8220; box_shadow_vertical=&#8220;0px&#8220; sticky_enabled=&#8220;0&#8243;]<\/p>\n<p style=\"font-weight: 400; text-align: left;\">In der Vergangenheit war die Abwasserbehandlung haupts\u00e4chlich ein Verfahren zur Entfernung der Schadstoffe. Heute verlagert sich der Fokus zunehmend auf die R\u00fcckgewinnung von Rohstoffen und Wertmetallen zur Wiederverwendung. Die Abfallverbrennungsanlagen, einschlie\u00dflich der Schlammendverarbeiter, konzentrieren sich ebenfalls auf die Wiederverwendung. Dies betrifft oft die R\u00fcckgewinnung von Phosphat als endlichem Rohstoff, aber es gibt auch M\u00f6glichkeiten f\u00fcr seltene, knappe und Schwermetalle. Durch Inventarisierung der Gehalte der Metalle in den unterschiedlichen Stoffstr\u00f6men werden R\u00fcckgewinnungstechnologien f\u00fcr unterschiedliche Metalle \/ Metallgruppen ausgew\u00e4hlt.<\/p>\n<p style=\"font-weight: 400; text-align: left;\"><strong><u>Elektrolyse<\/u><\/strong><\/p>\n<p style=\"font-weight: 400; text-align: left;\">Der Prozess der R\u00fcckgewinnung von Metallen basiert auf einem Elektrolyseprozess. Bei der Elektrolyse wird eine Fl\u00fcssigkeit mit inerten Elektroden und einer Spannungsquelle unter eine elektrische Gleichspannung gesetzt. Durch Anlegen dieser Spannung an das Abwasser werden Elektronen zwischen den Elektroden und der Fl\u00fcssigkeit ausgetauscht. Die Elektronen k\u00f6nnen verwendet werden, um Metallionen in festes Metall umzuwandeln. Dieses feste Metall scheidet sich an der Kathode ab. Das gereinigte Abwasser verl\u00e4sst dann die Elektrolysezelle und kann in vielen F\u00e4llen wiederverwendet werden. Das Verfahren ist am besten anwendbar, wenn nur eine Metallverunreinigung in ausreichend hoher Konzentration in der zu behandelnden Fl\u00fcssigkeit vorhanden ist. Bei komplexen Mischungen ist die R\u00fcckgewinnung von Metall und Wasser schwieriger.<\/p>\n<p style=\"font-weight: 400; text-align: left;\">Die Hauptanwendung der Elektrolyse liegt in der Metallindustrie zur Reinigung von Sp\u00fclw\u00e4ssern aus Beiz- oder Galvanikb\u00e4dern.<\/p>\n<p style=\"font-weight: 400; text-align: left;\">Zu diesen Anwendungen geh\u00f6ren:<\/p>\n<ul style=\"text-align: left;\">\n<li>R\u00fcckgewinnung von Metallen und verbrauchten Elektrolyten;<\/li>\n<li>Die Entgiftung von Nitrit und Cr (VI);<\/li>\n<li>Die R\u00fcckgewinnung von Silber aus Fixierb\u00e4dern im grafischen Bereich.<\/li>\n<\/ul>\n<p style=\"font-weight: 400; text-align: left;\">Wenn eine Elektrolyse mit niedrig konzentrierten L\u00f6sungen nicht m\u00f6glich ist, werden herk\u00f6mmliche Techniken zur Erh\u00f6hung der Konzentration verwendet, wie z.B. Ionenaustausch- oder Membrantechniken, gefolgt von einer Elektrolyse des Regenerats.<\/p>\n<p>[\/et_pb_cta][\/et_pb_column][et_pb_column type=&#8220;1_2&#8243; _builder_version=&#8220;4.9.4&#8243; _module_preset=&#8220;default&#8220;][et_pb_image src=&#8220;https:\/\/me-mt-new.wolffje.nl\/wp-content\/uploads\/2021\/10\/B3_metaalterugwinning_01.jpg&#8220; title_text=&#8220;B3_metaalterugwinning_01&#8243; align=&#8220;center&#8220; force_fullwidth=&#8220;on&#8220; _builder_version=&#8220;4.9.4&#8243; _module_preset=&#8220;default&#8220; custom_margin=&#8220;||||false|false&#8220; custom_padding=&#8220;||1px|||&#8220;][\/et_pb_image][et_pb_cta button_text=&#8220;Clicks&#8220; _builder_version=&#8220;4.9.4&#8243; _module_preset=&#8220;default&#8220; background_color=&#8220;RGBA(0,0,0,0)&#8220; background_enable_image=&#8220;off&#8220; background_layout=&#8220;light&#8220; width=&#8220;100%&#8220; animation_style=&#8220;slide&#8220; animation_direction=&#8220;left&#8220; animation_intensity_slide=&#8220;8%&#8220; hover_enabled=&#8220;0&#8243; box_shadow_style=&#8220;preset3&#8243; box_shadow_horizontal=&#8220;12px&#8220; box_shadow_vertical=&#8220;0px&#8220; sticky_enabled=&#8220;0&#8243;]<\/p>\n<p style=\"font-weight: 400; text-align: left;\"><strong><u>Membranelektrolyse<\/u><\/strong><\/p>\n<p style=\"font-weight: 400; text-align: left;\">Eine weitere Variante der Elektrolyse ist die Membranelektrolyse. Anwendung findet diese Technik unter anderem in der Chlorgaserzeugung, im Bereich der Oberfl\u00e4chenbehandlung, Standzeitverl\u00e4ngerung von Beizb\u00e4dern, Metallr\u00fcckgewinnung aus Sp\u00fclb\u00e4dern etc.<\/p>\n<p style=\"font-weight: 400; text-align: left;\">Auch der Wechsel von Chrom(VI) zu Chrom(III) ist eine immer wiederkehrende Anwendung. Hier finden sich Restkonzentrationen von &lt; 0,1 mg\/l Chrom (VI). Um eine hohe Stromausbeute (80 bis 90 %) zu erreichen, sollte der pH-Wert kleiner als 3 bis 4 bleiben. Umweltaspekte sind dabei wichtig. Die Abscheidung des Metalls auf der Elektrode bildet das Restmaterial, das m\u00f6glicherweise wiederverwendet werden kann. F\u00fcr den Austrag der verbrauchten Lauge und S\u00e4ure werden chemische Hilfsmittel ben\u00f6tigt, um die erreichten pH-Werte zu korrigieren.<\/p>\n<p style=\"font-weight: 400; text-align: left;\">Der Markt f\u00fcr Metallr\u00fcckgewinnung wird aufgrund der zunehmenden Aufmerksamkeit f\u00fcr die Umwelt in Zukunft immer intensiver werden, um die Abfallentsorgung von Metallen zu minimieren.<\/p>\n<p style=\"font-weight: 400; text-align: left;\">ME-Metals &amp; Technologies liefert f\u00fcr die Elektrolyse Prozessen die ben\u00f6tigte MEMOX \u2013 Ti\/RuO2-Anoden. Zus\u00e4tzlich haben wir die M\u00f6glichkeiten, Ihnen die komplette Anlage an zu bieten.<\/p>\n<p>[\/et_pb_cta][\/et_pb_column][\/et_pb_row][\/et_pb_section]<\/p>\n","protected":false},"excerpt":{"rendered":"<p>[et_pb_section fb_built=&#8220;1&#8243; _builder_version=&#8220;4.9.4&#8243; _module_preset=&#8220;default&#8220; background_color=&#8220;RGBA(0,0,0,0)&#8220; background_enable_image=&#8220;off&#8220; custom_margin=&#8220;0px|0px|0px|0px|false|false&#8220; custom_padding=&#8220;50px|0px|0px|0px|false|false&#8220;][et_pb_row _builder_version=&#8220;4.9.4&#8243; _module_preset=&#8220;default&#8220; background_color=&#8220;RGBA(0,0,0,0)&#8220; max_width=&#8220;1055px&#8220; custom_margin=&#8220;|auto||auto|false|false&#8220; custom_padding=&#8220;0px||0px||false|false&#8220; animation_style=&#8220;zoom&#8220; animation_intensity_zoom=&#8220;4%&#8220;][et_pb_column type=&#8220;4_4&#8243; _builder_version=&#8220;4.9.4&#8243; _module_preset=&#8220;default&#8220; background_enable_image=&#8220;off&#8220;][et_pb_text _builder_version=&#8220;4.9.4&#8243; _module_preset=&#8220;default&#8220; min_height=&#8220;31px&#8220; custom_margin=&#8220;50px||||false|false&#8220; hover_enabled=&#8220;0&#8243; sticky_enabled=&#8220;0&#8243;] Metallr\u00fcckgewinnung [\/et_pb_text][et_pb_divider divider_weight=&#8220;3px&#8220; _builder_version=&#8220;4.9.4&#8243; _module_preset=&#8220;default&#8220; min_height=&#8220;26px&#8220; custom_margin=&#8220;||9px|||&#8220;][\/et_pb_divider][\/et_pb_column][\/et_pb_row][\/et_pb_section][et_pb_section fb_built=&#8220;1&#8243; _builder_version=&#8220;4.9.4&#8243; _module_preset=&#8220;default&#8220; custom_padding=&#8220;0px||50px||false|false&#8220;][et_pb_row column_structure=&#8220;1_2,1_2&#8243; module_id=&#8220;TitaanAnodekorven&#8220; _builder_version=&#8220;4.9.4&#8243; _module_preset=&#8220;default&#8220; max_width=&#8220;1055px&#8220; min_height=&#8220;100px&#8220; custom_margin=&#8220;|auto|0px|auto|false|false&#8220; custom_padding=&#8220;41px||0px|||&#8220; animation_style=&#8220;zoom&#8220; animation_intensity_zoom=&#8220;4%&#8220;][et_pb_column type=&#8220;1_2&#8243; _builder_version=&#8220;4.9.4&#8243; _module_preset=&#8220;default&#8220; background_enable_image=&#8220;off&#8220;][et_pb_cta button_text=&#8220;Clicks&#8220; _builder_version=&#8220;4.9.4&#8243; _module_preset=&#8220;default&#8220; background_color=&#8220;RGBA(0,0,0,0)&#8220; [&hellip;]<\/p>\n","protected":false},"author":4,"featured_media":0,"parent":5024,"menu_order":3,"comment_status":"closed","ping_status":"closed","template":"","meta":{"_et_pb_use_builder":"on","_et_pb_old_content":"","_et_gb_content_width":"","om_disable_all_campaigns":false,"_exactmetrics_skip_tracking":false,"_exactmetrics_sitenote_active":false,"_exactmetrics_sitenote_note":"","_exactmetrics_sitenote_category":0,"_monsterinsights_skip_tracking":false,"_monsterinsights_sitenote_active":false,"_monsterinsights_sitenote_note":"","_monsterinsights_sitenote_category":0,"_uf_show_specific_survey":0,"_uf_disable_surveys":false,"footnotes":""},"class_list":["post-4922","page","type-page","status-publish","hentry"],"aioseo_notices":[],"_links":{"self":[{"href":"https:\/\/me-mt.com\/de\/wp-json\/wp\/v2\/pages\/4922","targetHints":{"allow":["GET"]}}],"collection":[{"href":"https:\/\/me-mt.com\/de\/wp-json\/wp\/v2\/pages"}],"about":[{"href":"https:\/\/me-mt.com\/de\/wp-json\/wp\/v2\/types\/page"}],"author":[{"embeddable":true,"href":"https:\/\/me-mt.com\/de\/wp-json\/wp\/v2\/users\/4"}],"replies":[{"embeddable":true,"href":"https:\/\/me-mt.com\/de\/wp-json\/wp\/v2\/comments?post=4922"}],"version-history":[{"count":3,"href":"https:\/\/me-mt.com\/de\/wp-json\/wp\/v2\/pages\/4922\/revisions"}],"predecessor-version":[{"id":4926,"href":"https:\/\/me-mt.com\/de\/wp-json\/wp\/v2\/pages\/4922\/revisions\/4926"}],"up":[{"embeddable":true,"href":"https:\/\/me-mt.com\/de\/wp-json\/wp\/v2\/pages\/5024"}],"wp:attachment":[{"href":"https:\/\/me-mt.com\/de\/wp-json\/wp\/v2\/media?parent=4922"}],"curies":[{"name":"wp","href":"https:\/\/api.w.org\/{rel}","templated":true}]}}