{"id":4917,"date":"2021-09-29T18:24:46","date_gmt":"2021-09-29T18:24:46","guid":{"rendered":"https:\/\/me-mt.com\/?page_id=4917"},"modified":"2022-05-03T14:19:56","modified_gmt":"2022-05-03T14:19:56","slug":"metall-beschichtung","status":"publish","type":"page","link":"https:\/\/me-mt.com\/de\/anwendungen\/metall-beschichtung\/","title":{"rendered":"Metall-Beschichtung"},"content":{"rendered":"<p>[et_pb_section fb_built=&#8220;1&#8243; _builder_version=&#8220;4.9.4&#8243; _module_preset=&#8220;default&#8220; background_color=&#8220;RGBA(0,0,0,0)&#8220; background_enable_image=&#8220;off&#8220; custom_margin=&#8220;0px|0px|0px|0px|false|false&#8220; custom_padding=&#8220;50px|0px|0px|0px|false|false&#8220;][et_pb_row _builder_version=&#8220;4.9.4&#8243; _module_preset=&#8220;default&#8220; background_color=&#8220;RGBA(0,0,0,0)&#8220; max_width=&#8220;1055px&#8220; custom_margin=&#8220;|auto||auto|false|false&#8220; custom_padding=&#8220;0px||0px||false|false&#8220; animation_style=&#8220;zoom&#8220; animation_intensity_zoom=&#8220;4%&#8220;][et_pb_column type=&#8220;4_4&#8243; _builder_version=&#8220;4.9.4&#8243; _module_preset=&#8220;default&#8220; background_enable_image=&#8220;off&#8220;][et_pb_text _builder_version=&#8220;4.9.4&#8243; _module_preset=&#8220;default&#8220; min_height=&#8220;31px&#8220; custom_margin=&#8220;50px||||false|false&#8220; hover_enabled=&#8220;0&#8243; sticky_enabled=&#8220;0&#8243;]<\/p>\n<h2 style=\"text-align: center;\">Metall-Beschichtung<\/h2>\n<p>[\/et_pb_text][et_pb_divider divider_weight=&#8220;3px&#8220; _builder_version=&#8220;4.9.4&#8243; _module_preset=&#8220;default&#8220; min_height=&#8220;26px&#8220; custom_margin=&#8220;||9px|||&#8220;][\/et_pb_divider][\/et_pb_column][\/et_pb_row][\/et_pb_section][et_pb_section fb_built=&#8220;1&#8243; _builder_version=&#8220;4.9.4&#8243; _module_preset=&#8220;default&#8220; custom_padding=&#8220;0px||50px||false|false&#8220;][et_pb_row column_structure=&#8220;1_2,1_2&#8243; module_id=&#8220;TitaanAnodekorven&#8220; _builder_version=&#8220;4.9.4&#8243; _module_preset=&#8220;default&#8220; max_width=&#8220;1055px&#8220; min_height=&#8220;100px&#8220; custom_margin=&#8220;|auto|0px|auto|false|false&#8220; custom_padding=&#8220;41px||0px|||&#8220; animation_style=&#8220;zoom&#8220; animation_intensity_zoom=&#8220;4%&#8220;][et_pb_column type=&#8220;1_2&#8243; _builder_version=&#8220;4.9.4&#8243; _module_preset=&#8220;default&#8220; background_enable_image=&#8220;off&#8220;][et_pb_cta button_text=&#8220;Clicks&#8220; _builder_version=&#8220;4.9.4&#8243; _module_preset=&#8220;default&#8220; background_color=&#8220;RGBA(0,0,0,0)&#8220; background_enable_image=&#8220;off&#8220; background_layout=&#8220;light&#8220; width=&#8220;100%&#8220; animation_style=&#8220;slide&#8220; animation_direction=&#8220;left&#8220; animation_intensity_slide=&#8220;8%&#8220; hover_enabled=&#8220;0&#8243; box_shadow_style=&#8220;preset3&#8243; box_shadow_horizontal=&#8220;12px&#8220; box_shadow_vertical=&#8220;0px&#8220; sticky_enabled=&#8220;0&#8243;]<\/p>\n<p style=\"font-weight: 400; text-align: left;\">Galvanisieren oder Metall-Beschichtung ist eine allgemeine Bezeichnung f\u00fcr Prozesse, die eine Metallbeschichtung auf ein Basisteil anbringen. Zu dem Galvanisieren geh\u00f6ren Verchromen und Verzinnen, aber auch Verkupfern, Vernickeln und sogar Versilbern, Vergolden und Platinieren.<\/p>\n<p style=\"font-weight: 400; text-align: left;\">F\u00fcr diese Verfahren werden Anoden eingesetzt.\u00a0Entweder eine l\u00f6sliche Anode wie Zink, Zinn, Nickel oder Chrom, aber es ist auch m\u00f6glich um eine inerte, unl\u00f6sliche Anode einzusetzen, zum Beispiel unsere MEMOX oder MEPAL beschichtete Titananode.\u00a0Das zu beschichtende Teil ist die Kathode.<\/p>\n<p style=\"font-weight: 400; text-align: left;\">Galvanisieren wird in f\u00fcr industrielle und f\u00fcr dekorative Anwendungen eingesetzt, um die Oberfl\u00e4chenqualit\u00e4t von Gegenst\u00e4nden zu verbessern. Dazu geh\u00f6ren Verbesserungen in Korrosion und Verschlei\u00df, Rauheit, Reflektivit\u00e4t, elektrische Leitf\u00e4higkeit, aber auch die dekorative Verchromung von Produkten.<\/p>\n<p style=\"font-weight: 400; text-align: left;\">Eine ganz andere Anwendung ist das Galvanoformen von Produkten, um Materialst\u00e4rken an unterdimensionierten oder Teilen mit Verschlei\u00df, neu aufzubauen oder sogar Bleche mit komplexer Form herzustellen.<\/p>\n<p style=\"font-weight: 400; text-align: left;\">ME-Metals &amp; Technologies BV liefert alle verschiedenen Anoden, sowie die Anodenk\u00f6rbe und die Stromzuf\u00fchrungen in jeder gew\u00fcnschten Art und Gr\u00f6\u00dfe. Auch Heizungs- oder K\u00fchlelementen geh\u00f6ren zu unserem Programm.<\/p>\n<p style=\"font-weight: 400; text-align: left;\">Wenn Sie Fragen haben oder wir Ihnen Ratschl\u00e4ge oder Anleitungen geben k\u00f6nnen, wenden Sie sich bitte an uns.\u00a0Gerne beraten wir Sie f\u00fcr optimalen Ausf\u00fchrung Ihrer Prozess.<\/p>\n<ul><\/ul>\n<p>[\/et_pb_cta][\/et_pb_column][et_pb_column type=&#8220;1_2&#8243; _builder_version=&#8220;4.9.4&#8243; _module_preset=&#8220;default&#8220;][et_pb_image src=&#8220;https:\/\/me-mt-new.wolffje.nl\/wp-content\/uploads\/2021\/10\/B2_Metal-Plating_01.jpg&#8220; title_text=&#8220;B2_Metal Plating_01&#8243; align=&#8220;center&#8220; force_fullwidth=&#8220;on&#8220; _builder_version=&#8220;4.9.4&#8243; _module_preset=&#8220;default&#8220; custom_margin=&#8220;||||false|false&#8220; custom_padding=&#8220;||1px|||&#8220;][\/et_pb_image][\/et_pb_column][\/et_pb_row][\/et_pb_section]<\/p>\n","protected":false},"excerpt":{"rendered":"<p>[et_pb_section fb_built=&#8220;1&#8243; _builder_version=&#8220;4.9.4&#8243; _module_preset=&#8220;default&#8220; background_color=&#8220;RGBA(0,0,0,0)&#8220; background_enable_image=&#8220;off&#8220; custom_margin=&#8220;0px|0px|0px|0px|false|false&#8220; custom_padding=&#8220;50px|0px|0px|0px|false|false&#8220;][et_pb_row _builder_version=&#8220;4.9.4&#8243; _module_preset=&#8220;default&#8220; background_color=&#8220;RGBA(0,0,0,0)&#8220; max_width=&#8220;1055px&#8220; custom_margin=&#8220;|auto||auto|false|false&#8220; custom_padding=&#8220;0px||0px||false|false&#8220; animation_style=&#8220;zoom&#8220; animation_intensity_zoom=&#8220;4%&#8220;][et_pb_column type=&#8220;4_4&#8243; _builder_version=&#8220;4.9.4&#8243; _module_preset=&#8220;default&#8220; background_enable_image=&#8220;off&#8220;][et_pb_text _builder_version=&#8220;4.9.4&#8243; _module_preset=&#8220;default&#8220; min_height=&#8220;31px&#8220; custom_margin=&#8220;50px||||false|false&#8220; hover_enabled=&#8220;0&#8243; sticky_enabled=&#8220;0&#8243;] Metall-Beschichtung [\/et_pb_text][et_pb_divider divider_weight=&#8220;3px&#8220; _builder_version=&#8220;4.9.4&#8243; _module_preset=&#8220;default&#8220; min_height=&#8220;26px&#8220; custom_margin=&#8220;||9px|||&#8220;][\/et_pb_divider][\/et_pb_column][\/et_pb_row][\/et_pb_section][et_pb_section fb_built=&#8220;1&#8243; _builder_version=&#8220;4.9.4&#8243; _module_preset=&#8220;default&#8220; custom_padding=&#8220;0px||50px||false|false&#8220;][et_pb_row column_structure=&#8220;1_2,1_2&#8243; module_id=&#8220;TitaanAnodekorven&#8220; _builder_version=&#8220;4.9.4&#8243; _module_preset=&#8220;default&#8220; max_width=&#8220;1055px&#8220; min_height=&#8220;100px&#8220; custom_margin=&#8220;|auto|0px|auto|false|false&#8220; custom_padding=&#8220;41px||0px|||&#8220; animation_style=&#8220;zoom&#8220; animation_intensity_zoom=&#8220;4%&#8220;][et_pb_column type=&#8220;1_2&#8243; _builder_version=&#8220;4.9.4&#8243; _module_preset=&#8220;default&#8220; background_enable_image=&#8220;off&#8220;][et_pb_cta button_text=&#8220;Clicks&#8220; _builder_version=&#8220;4.9.4&#8243; _module_preset=&#8220;default&#8220; background_color=&#8220;RGBA(0,0,0,0)&#8220; [&hellip;]<\/p>\n","protected":false},"author":4,"featured_media":0,"parent":5024,"menu_order":2,"comment_status":"closed","ping_status":"closed","template":"","meta":{"_et_pb_use_builder":"on","_et_pb_old_content":"","_et_gb_content_width":"","om_disable_all_campaigns":false,"_exactmetrics_skip_tracking":false,"_exactmetrics_sitenote_active":false,"_exactmetrics_sitenote_note":"","_exactmetrics_sitenote_category":0,"_monsterinsights_skip_tracking":false,"_monsterinsights_sitenote_active":false,"_monsterinsights_sitenote_note":"","_monsterinsights_sitenote_category":0,"_uf_show_specific_survey":0,"_uf_disable_surveys":false,"footnotes":""},"class_list":["post-4917","page","type-page","status-publish","hentry"],"aioseo_notices":[],"_links":{"self":[{"href":"https:\/\/me-mt.com\/de\/wp-json\/wp\/v2\/pages\/4917","targetHints":{"allow":["GET"]}}],"collection":[{"href":"https:\/\/me-mt.com\/de\/wp-json\/wp\/v2\/pages"}],"about":[{"href":"https:\/\/me-mt.com\/de\/wp-json\/wp\/v2\/types\/page"}],"author":[{"embeddable":true,"href":"https:\/\/me-mt.com\/de\/wp-json\/wp\/v2\/users\/4"}],"replies":[{"embeddable":true,"href":"https:\/\/me-mt.com\/de\/wp-json\/wp\/v2\/comments?post=4917"}],"version-history":[{"count":2,"href":"https:\/\/me-mt.com\/de\/wp-json\/wp\/v2\/pages\/4917\/revisions"}],"predecessor-version":[{"id":4920,"href":"https:\/\/me-mt.com\/de\/wp-json\/wp\/v2\/pages\/4917\/revisions\/4920"}],"up":[{"embeddable":true,"href":"https:\/\/me-mt.com\/de\/wp-json\/wp\/v2\/pages\/5024"}],"wp:attachment":[{"href":"https:\/\/me-mt.com\/de\/wp-json\/wp\/v2\/media?parent=4917"}],"curies":[{"name":"wp","href":"https:\/\/api.w.org\/{rel}","templated":true}]}}