{"id":4884,"date":"2021-10-19T08:51:47","date_gmt":"2021-10-19T08:51:47","guid":{"rendered":"https:\/\/me-mt.com\/?page_id=4884"},"modified":"2022-05-11T10:33:17","modified_gmt":"2022-05-11T10:33:17","slug":"staalbandcoaten","status":"publish","type":"page","link":"https:\/\/me-mt.com\/de\/anwendungen\/staalbandcoaten\/","title":{"rendered":"Beschichtung von Stahlb\u00e4ndern"},"content":{"rendered":"<p>[et_pb_section fb_built=&#8220;1&#8243; _builder_version=&#8220;4.9.4&#8243; _module_preset=&#8220;default&#8220; background_color=&#8220;#dbdbdb&#8220; background_enable_image=&#8220;off&#8220; custom_margin=&#8220;||0px||false|false&#8220; custom_padding=&#8220;50px||0px||false|false&#8220;][et_pb_row _builder_version=&#8220;4.9.4&#8243; _module_preset=&#8220;default&#8220; background_color=&#8220;RGBA(0,0,0,0)&#8220; max_width=&#8220;1055px&#8220; custom_margin=&#8220;|auto|0px|auto|false|false&#8220; custom_padding=&#8220;0px||50px||false|false&#8220; animation_style=&#8220;zoom&#8220; animation_intensity_zoom=&#8220;4%&#8220;][et_pb_column type=&#8220;4_4&#8243; _builder_version=&#8220;4.9.4&#8243; _module_preset=&#8220;default&#8220; background_enable_image=&#8220;off&#8220;][et_pb_text _builder_version=&#8220;4.9.4&#8243; _module_preset=&#8220;default&#8220; min_height=&#8220;31px&#8220; custom_margin=&#8220;50px||||false|false&#8220;]<\/p>\n<h2 style=\"text-align: center;\">Beschichtung von Stahlb\u00e4ndern<\/h2>\n<p>[\/et_pb_text][et_pb_divider divider_weight=&#8220;3px&#8220; _builder_version=&#8220;4.9.4&#8243; _module_preset=&#8220;default&#8220; min_height=&#8220;26px&#8220; custom_margin=&#8220;||9px|||&#8220;][\/et_pb_divider][\/et_pb_column][\/et_pb_row][et_pb_row column_structure=&#8220;1_2,1_2&#8243; _builder_version=&#8220;4.9.4&#8243; _module_preset=&#8220;default&#8220; background_color=&#8220;RGBA(0,0,0,0)&#8220; max_width=&#8220;1055px&#8220; custom_margin=&#8220;|auto|0px|auto|false|false&#8220; custom_padding=&#8220;0px||50px||false|false&#8220; animation_style=&#8220;zoom&#8220; animation_intensity_zoom=&#8220;4%&#8220;][et_pb_column type=&#8220;1_2&#8243; _builder_version=&#8220;4.9.4&#8243; _module_preset=&#8220;default&#8220; background_enable_image=&#8220;off&#8220;][et_pb_cta button_text=&#8220;Clicks&#8220; _builder_version=&#8220;4.9.4&#8243; _module_preset=&#8220;default&#8220; background_color=&#8220;RGBA(0,0,0,0)&#8220; background_enable_image=&#8220;off&#8220; background_layout=&#8220;light&#8220; width=&#8220;100%&#8220; custom_margin=&#8220;-40px||-25px||false|false&#8220;]<\/p>\n<p style=\"font-weight: 400; text-align: left;\">Das Beschichten von Stahlband hat verschiedene Anwendungen. Die drei wichtigsten galvanischen Anwendungen sind Zink (EGL), Zinn (ETL) und Chrom (ECL).\u00a0<\/p>\n<p style=\"font-weight: 400; text-align: left;\">Verzinken (EGL) wird haupts\u00e4chlich in der Automobilindustrie eingesetzt. Ein allgemein verwendeter Begriff f\u00fcr das Verzinken ist Galvanisieren; das ist aber nicht richtig. Galvanik ist der Oberbegriff, Verzinken ist nur ein Teil der Galvanik, die neben Zink auch Nickel, Zinn, Chrom oder auch Silber und Gold sein kann.<\/p>\n<p style=\"font-weight: 400; text-align: left;\">Verzinnung und Verchromung werden in der Lebensmittelindustrie (Metalldose, Blechdose) und in der Verpackungsindustrie eingesetzt.\u00a0F\u00fcr die meisten Prozessen werden entweder Blei-Anoden, oder sauerstoffproduzierende Anoden verwendet, die jeweils mit einer speziell entwickelten Iridium-Tantal-Mischoxidbeschichtung ( MEMOX) <span>\u00a0<\/span>beschichtet sind.<\/p>\n<ul><\/ul>\n<p>[\/et_pb_cta][\/et_pb_column][et_pb_column type=&#8220;1_2&#8243; _builder_version=&#8220;4.9.4&#8243; _module_preset=&#8220;default&#8220;][et_pb_button button_url=&#8220;#EGL&#8220; button_text=&#8220;EGL&#8220; button_alignment=&#8220;center&#8220; _builder_version=&#8220;4.9.4&#8243; _module_preset=&#8220;default&#8220; custom_button=&#8220;on&#8220; button_text_size=&#8220;16px&#8220; button_text_color=&#8220;#000000&#8243; button_border_color=&#8220;RGBA(0,0,0,0)&#8220; custom_margin=&#8220;||0px||false|false&#8220; box_shadow_style=&#8220;preset1&#8243;][\/et_pb_button][et_pb_divider divider_weight=&#8220;2px&#8220; _builder_version=&#8220;4.9.4&#8243; _module_preset=&#8220;default&#8220; width=&#8220;15%&#8220; module_alignment=&#8220;center&#8220; min_height=&#8220;26px&#8220; custom_margin=&#8220;23px||-4px||false|false&#8220;][\/et_pb_divider][et_pb_button button_url=&#8220;#ETL&#8220; button_text=&#8220;ETL&#8220; button_alignment=&#8220;center&#8220; _builder_version=&#8220;4.9.4&#8243; _module_preset=&#8220;default&#8220; custom_button=&#8220;on&#8220; button_text_size=&#8220;16px&#8220; button_text_color=&#8220;#000000&#8243; button_border_color=&#8220;RGBA(0,0,0,0)&#8220; custom_margin=&#8220;||0px||false|false&#8220; box_shadow_style=&#8220;preset1&#8243;][\/et_pb_button][et_pb_divider divider_weight=&#8220;2px&#8220; _builder_version=&#8220;4.9.4&#8243; _module_preset=&#8220;default&#8220; width=&#8220;15%&#8220; module_alignment=&#8220;center&#8220; min_height=&#8220;26px&#8220; custom_margin=&#8220;23px||-4px||false|false&#8220;][\/et_pb_divider][et_pb_button button_url=&#8220;#ECL&#8220; button_text=&#8220;ECL&#8220; button_alignment=&#8220;center&#8220; _builder_version=&#8220;4.9.4&#8243; _module_preset=&#8220;default&#8220; custom_button=&#8220;on&#8220; button_text_size=&#8220;16px&#8220; button_text_color=&#8220;#000000&#8243; button_border_color=&#8220;RGBA(0,0,0,0)&#8220; custom_margin=&#8220;||0px||false|false&#8220; box_shadow_style=&#8220;preset1&#8243;][\/et_pb_button][\/et_pb_column][\/et_pb_row][\/et_pb_section][et_pb_section fb_built=&#8220;1&#8243; _builder_version=&#8220;4.9.4&#8243; _module_preset=&#8220;default&#8220; custom_padding=&#8220;45px||50px||false|false&#8220;][et_pb_row column_structure=&#8220;1_2,1_2&#8243; module_id=&#8220;TitaanAnodekorven&#8220; _builder_version=&#8220;4.9.4&#8243; _module_preset=&#8220;default&#8220; max_width=&#8220;1055px&#8220; min_height=&#8220;100px&#8220; custom_margin=&#8220;|auto|0px|auto|false|false&#8220; custom_padding=&#8220;41px||0px|||&#8220; animation_style=&#8220;zoom&#8220; animation_intensity_zoom=&#8220;4%&#8220;][et_pb_column type=&#8220;1_2&#8243; _builder_version=&#8220;4.9.4&#8243; _module_preset=&#8220;default&#8220; background_enable_image=&#8220;off&#8220;][et_pb_cta title=&#8220;EGL &#8211; Zink&#8220; button_text=&#8220;Clicks&#8220; module_id=&#8220;EGL&#8220; _builder_version=&#8220;4.9.4&#8243; _module_preset=&#8220;default&#8220; background_color=&#8220;RGBA(0,0,0,0)&#8220; background_enable_image=&#8220;off&#8220; background_layout=&#8220;light&#8220; width=&#8220;100%&#8220; animation_style=&#8220;slide&#8220; animation_direction=&#8220;left&#8220; animation_intensity_slide=&#8220;8%&#8220; box_shadow_style=&#8220;preset3&#8243; box_shadow_horizontal=&#8220;12px&#8220; box_shadow_vertical=&#8220;0px&#8220;]<\/p>\n<p style=\"font-weight: 400; text-align: left;\">Zink wird zum Verzinken vieler Gegenst\u00e4nde verwendet, um eine Beschichtung mit hoher Korrosionsbest\u00e4ndigkeit zu erhalten.<\/p>\n<p style=\"font-weight: 400; text-align: left;\">Es gibt mehrere Verzinkungsverfahren; die wichtigsten sind die elektrolytische Verzinkung und die Feuerverzinkung. Sowohl der Prozess als auch das Ergebnis unterscheiden sich voneinander. Beide Verfahren haben eigene Vor- und Nachteile.<\/p>\n<p style=\"text-align: left;\"><strong><u>Elektrolytisches Verzinken<\/u><\/strong><\/p>\n<p style=\"font-weight: 400; text-align: left;\">Der wichtigste Prozess f\u00fcr Elektrolytisch Verzinken ist die Stahlbandverzinkung, EGL, welche Stahlb\u00e4nder eingesetzt werden f\u00fcr die Automobilindustrie. Durch den elektrochemischen Prozess entsteht eine gute Verbindung und Haftung.<\/p>\n<p style=\"font-weight: 400; text-align: left;\">Die Zinkschicht ist wesentlich d\u00fcnner wie beim Feuerverzinken.\u00a0Dieser Art Verzinkung ist meistens aber auch teuerer.<\/p>\n<p style=\"text-align: left;\"><strong><u>Feuerverzinkung<\/u><\/strong><\/p>\n<p style=\"font-weight: 400; text-align: left;\">Bei dem Feuerverzinkungs-Prozess, auch vielfach als Tauchverzinkung bezeichnet, werden Produkte in ein gro\u00dfes Bad getaucht und das Zink scheidet sich auf dem gesamten Produkt ab, auch auf der Innenseite. Nachteilig dabei ist, dass die Schichtdicke nicht ganz gleichm\u00e4\u00dfig verteilt ist.<\/p>\n<p style=\"font-weight: 400; text-align: left;\">Die entstehende Zinkschicht ist deutlich dicker, was h\u00e4ufig eine Nachbearbeitung erforderlich macht. Bei diesem Prozess ist es wahrscheinlicher, dass eine Verformung auftritt.<\/p>\n<p style=\"font-weight: 400; text-align: left;\">Stahlband wird auch feuerverzinkt, weil das Verfahren kosteng\u00fcnstiger ist im Vergleich zu elektrolytische Verzinkung. Das Band wird durch ein Zinkbad gezogen und das Zink schl\u00e4gt sich auf dem Stahlband nieder. Dieses verzinktes Material wird vielfach f\u00fcr die Wei\u00dfwarenindustrie ( entspricht: K\u00fcchenger\u00e4te) eingesetzt.<\/p>\n<p style=\"font-weight: 400; text-align: left;\"><strong><u>Schleuderverzinkung<\/u><\/strong><\/p>\n<p style=\"font-weight: 400; text-align: left;\">Dieses Verfahren wird viel eingesetzt f\u00fcr kleinere Teilen, mit kleinem L\u00f6cher, Gewinde und beschr\u00e4nkten Toleranzen.\u00a0Es ist somit ein Alternativ f\u00fcr beide obengenannte Verzinkungs-Prozessen.<\/p>\n<p>[\/et_pb_cta][\/et_pb_column][et_pb_column type=&#8220;1_2&#8243; _builder_version=&#8220;4.9.4&#8243; _module_preset=&#8220;default&#8220;][et_pb_image src=&#8220;https:\/\/me-mt.com\/wp-content\/uploads\/2022\/05\/Staalbandcoaten.jpg&#8220; title_text=&#8220;Rolls,Of,Steel,Sheet,In,A,Plant,,Galvanized,Steel,Coil&#8220; align=&#8220;center&#8220; force_fullwidth=&#8220;on&#8220; _builder_version=&#8220;4.9.4&#8243; _module_preset=&#8220;default&#8220; custom_margin=&#8220;||||false|false&#8220; custom_padding=&#8220;||1px|||&#8220; hover_enabled=&#8220;0&#8243; sticky_enabled=&#8220;0&#8243;][\/et_pb_image][et_pb_cta button_text=&#8220;Clicks&#8220; module_id=&#8220;EGL&#8220; _builder_version=&#8220;4.9.4&#8243; _module_preset=&#8220;default&#8220; background_color=&#8220;RGBA(0,0,0,0)&#8220; background_enable_image=&#8220;off&#8220; background_layout=&#8220;light&#8220; width=&#8220;100%&#8220; animation_style=&#8220;slide&#8220; animation_direction=&#8220;left&#8220; animation_intensity_slide=&#8220;8%&#8220; box_shadow_style=&#8220;preset3&#8243; box_shadow_horizontal=&#8220;12px&#8220; box_shadow_vertical=&#8220;0px&#8220;]<\/p>\n<p style=\"text-align: left;\"><strong><u>MEMOX MMO-Anoden f\u00fcr die Stahlbandbeschichtung<\/u><\/strong><\/p>\n<p style=\"font-weight: 400; text-align: left;\">MEMOX MMO-Anoden sind -sauerstofferzeugende- Anoden, die mit einer Iridium-Tantal-Mischoxidbeschichtung beschichtet werden. Die Anoden werden in Kombination mit komplexen ( Titan-ummantelte Kupfer- ) Stromzulieferungen eindesetzt<\/p>\n<p style=\"font-weight: 400; text-align: left;\">Wir beraten, produzieren und liefern MEMOX MMO-Anoden mit entsprechend hohen Anforderungen. Zus\u00e4tzlich entwerfen und produzieren wir auch die Anodenkonstruktionen, um einen guten Stromverteilung zu gew\u00e4hrleisten.<span>\u00a0 \u00a0 \u00a0 \u00a0 \u00a0 \u00a0 \u00a0 \u00a0 \u00a0 \u00a0\u00a0<\/span><\/p>\n<p style=\"font-weight: 400; text-align: left;\">Es gibt auch die M\u00f6glichkeit, um eingesetzte Anoden, zu reparieren und neu-Beschichten, damit diese bis zum 4 bis 5 Mal neu eingesetzt werden k\u00f6nnen.<\/p>\n<p style=\"font-weight: 400; text-align: left;\">Stromkontakten werden von uns platiniert mit einer Schutzschicht von 0,4-0,6mu ( oder nach Ihrer Angabe), um eine Oxid-schicht zu vermeiden.<\/p>\n<p style=\"font-weight: 400; text-align: left;\">Aufgrund unserer langj\u00e4hrigen Erfahrung beraten wir Sie gerne!<\/p>\n<p>[\/et_pb_cta][\/et_pb_column][\/et_pb_row][et_pb_row _builder_version=&#8220;4.9.4&#8243; _module_preset=&#8220;default&#8220; max_width=&#8220;1055px&#8220; min_height=&#8220;100px&#8220; custom_margin=&#8220;|auto|0px|auto|false|false&#8220; custom_padding=&#8220;41px||0px|||&#8220;][et_pb_column type=&#8220;4_4&#8243; _builder_version=&#8220;4.9.4&#8243; _module_preset=&#8220;default&#8220; background_enable_image=&#8220;off&#8220;][et_pb_divider divider_weight=&#8220;3px&#8220; _builder_version=&#8220;4.9.4&#8243; _module_preset=&#8220;default&#8220; min_height=&#8220;26px&#8220; custom_margin=&#8220;||9px|||&#8220;][\/et_pb_divider][\/et_pb_column][\/et_pb_row][et_pb_row column_structure=&#8220;1_2,1_2&#8243; module_id=&#8220;ZirconiumAnodekorven&#8220; _builder_version=&#8220;4.9.4&#8243; _module_preset=&#8220;default&#8220; max_width=&#8220;1055px&#8220; min_height=&#8220;100px&#8220; custom_margin=&#8220;|auto|0px|auto|false|false&#8220; custom_padding=&#8220;41px||0px|||&#8220; animation_style=&#8220;zoom&#8220; animation_intensity_zoom=&#8220;4%&#8220;][et_pb_column type=&#8220;1_2&#8243; _builder_version=&#8220;4.9.4&#8243; _module_preset=&#8220;default&#8220; background_enable_image=&#8220;off&#8220;][et_pb_cta title=&#8220;ETL &#8211; Zinn&#8220; button_text=&#8220;Clicks&#8220; module_id=&#8220;ETL&#8220; _builder_version=&#8220;4.9.4&#8243; _module_preset=&#8220;default&#8220; background_color=&#8220;RGBA(0,0,0,0)&#8220; background_enable_image=&#8220;off&#8220; background_layout=&#8220;light&#8220; width=&#8220;100%&#8220; animation_style=&#8220;slide&#8220; animation_direction=&#8220;left&#8220; animation_intensity_slide=&#8220;8%&#8220; box_shadow_style=&#8220;preset3&#8243; box_shadow_horizontal=&#8220;12px&#8220; box_shadow_vertical=&#8220;0px&#8220;]<\/p>\n<div style=\"text-align: left;\"><span lang=\"DE\">Verzinnen wird haupts\u00e4chlich in der Lebensmittelindustrie eingesetzt. Die Verzinnung auf Stahlband erfolgt in einer sogenannten Electro-Tinning-Line (ETL). Mit diesen massiven Anlagen wird ein Stahlband verzinnt, das zur Herstellung von Getr\u00e4nke-, Lebensmittel- und Aerosoldosen verwendet wird. ME-Metals &amp; Technologies BV liefert MEMOX MMO-Anoden f\u00fcr die beiden Hauptverfahrenstypen der Verzinnung, n\u00e4mlich Phenolsulfons\u00e4ure (PSA) oder Methansulfons\u00e4ure (MSA).<\/span><\/div>\n<p>[\/et_pb_cta][\/et_pb_column][et_pb_column type=&#8220;1_2&#8243; _builder_version=&#8220;4.9.4&#8243; _module_preset=&#8220;default&#8220;][et_pb_image src=&#8220;https:\/\/me-mt-new.wolffje.nl\/wp-content\/uploads\/2021\/10\/B1B_ETL_01.jpg&#8220; title_text=&#8220;B1B_ETL_01&#8243; align=&#8220;center&#8220; force_fullwidth=&#8220;on&#8220; _builder_version=&#8220;4.9.4&#8243; _module_preset=&#8220;default&#8220; custom_margin=&#8220;||||false|false&#8220; custom_padding=&#8220;||1px|||&#8220;][\/et_pb_image][et_pb_image src=&#8220;https:\/\/me-mt-new.wolffje.nl\/wp-content\/uploads\/2021\/10\/B1B_ETL_02.jpg&#8220; title_text=&#8220;B1B_ETL_02&#8243; align=&#8220;center&#8220; force_fullwidth=&#8220;on&#8220; _builder_version=&#8220;4.9.4&#8243; _module_preset=&#8220;default&#8220; custom_margin=&#8220;||||false|false&#8220; custom_padding=&#8220;||1px|||&#8220;][\/et_pb_image][\/et_pb_column][\/et_pb_row][et_pb_row _builder_version=&#8220;4.9.4&#8243; _module_preset=&#8220;default&#8220; max_width=&#8220;1055px&#8220; min_height=&#8220;100px&#8220; custom_margin=&#8220;|auto|0px|auto|false|false&#8220; custom_padding=&#8220;41px||0px|||&#8220;][et_pb_column type=&#8220;4_4&#8243; _builder_version=&#8220;4.9.4&#8243; _module_preset=&#8220;default&#8220; background_enable_image=&#8220;off&#8220;][et_pb_divider divider_weight=&#8220;3px&#8220; _builder_version=&#8220;4.9.4&#8243; _module_preset=&#8220;default&#8220; min_height=&#8220;26px&#8220; custom_margin=&#8220;||9px|||&#8220;][\/et_pb_divider][\/et_pb_column][\/et_pb_row][et_pb_row column_structure=&#8220;1_2,1_2&#8243; module_id=&#8220;ProductievolgensKlantspecificatie&#8220; _builder_version=&#8220;4.9.4&#8243; _module_preset=&#8220;default&#8220; max_width=&#8220;1055px&#8220; min_height=&#8220;100px&#8220; custom_margin=&#8220;|auto|0px|auto|false|false&#8220; custom_padding=&#8220;41px||0px|||&#8220; animation_style=&#8220;zoom&#8220; animation_intensity_zoom=&#8220;4%&#8220;][et_pb_column type=&#8220;1_2&#8243; _builder_version=&#8220;4.9.4&#8243; _module_preset=&#8220;default&#8220; background_enable_image=&#8220;off&#8220;][et_pb_cta title=&#8220;ECL &#8211; Chrom&#8220; button_text=&#8220;Clicks&#8220; module_id=&#8220;ECL&#8220; _builder_version=&#8220;4.9.4&#8243; _module_preset=&#8220;default&#8220; background_color=&#8220;RGBA(0,0,0,0)&#8220; background_enable_image=&#8220;off&#8220; background_layout=&#8220;light&#8220; width=&#8220;100%&#8220; animation_style=&#8220;slide&#8220; animation_direction=&#8220;left&#8220; animation_intensity_slide=&#8220;8%&#8220; box_shadow_style=&#8220;preset3&#8243; box_shadow_horizontal=&#8220;12px&#8220; box_shadow_vertical=&#8220;0px&#8220;]<\/p>\n<p style=\"font-weight: 400; text-align: left;\">Das Verchromen ist ein relativ neues Verfahren im Vergleich zum Verzinnen und Verzinken von Stahlb\u00e4ndern. Es ist zu einem wettbewerbsf\u00e4higen Verfahren f\u00fcr das Verzinnen in der Konservenindustrie geworden. Das ECL-Verfahren ist auch als TFS (Tin Free Steel) oder ECCS (Electrolytic Chromium Coated Steel) bekannt.<\/p>\n<p style=\"font-weight: 400; text-align: left;\">Neben den MEMOX MMO-Anoden liefert ME-Metals &amp; Technologies BV Stromzuf\u00fchrungen, Verbindungs-Elementen und Titan Produkten wie z.B. Schrauben, Muttern, Unterlegscheiben und Gewindestangen, aber auch Bleche, St\u00e4be, Rohre in Verschiedene Titan-Werkstoffe.<\/p>\n<p style=\"font-weight: 400; text-align: left;\">Sie auch unseren Webshop <a href=\"http:\/\/www.titanium-webshop.eu\/\">www.Titanium-webshop.eu<\/a><\/p>\n<p>[\/et_pb_cta][\/et_pb_column][et_pb_column type=&#8220;1_2&#8243; _builder_version=&#8220;4.9.4&#8243; _module_preset=&#8220;default&#8220;][et_pb_image src=&#8220;https:\/\/me-mt-new.wolffje.nl\/wp-content\/uploads\/2021\/10\/B1C_ECL_01.jpg&#8220; title_text=&#8220;B1C_ECL_01&#8243; align=&#8220;center&#8220; force_fullwidth=&#8220;on&#8220; _builder_version=&#8220;4.9.4&#8243; _module_preset=&#8220;default&#8220; custom_margin=&#8220;||||false|false&#8220; custom_padding=&#8220;||1px|||&#8220;][\/et_pb_image][\/et_pb_column][\/et_pb_row][\/et_pb_section]<\/p>\n","protected":false},"excerpt":{"rendered":"<p>[et_pb_section fb_built=&#8220;1&#8243; _builder_version=&#8220;4.9.4&#8243; _module_preset=&#8220;default&#8220; background_color=&#8220;#dbdbdb&#8220; background_enable_image=&#8220;off&#8220; custom_margin=&#8220;||0px||false|false&#8220; custom_padding=&#8220;50px||0px||false|false&#8220;][et_pb_row _builder_version=&#8220;4.9.4&#8243; _module_preset=&#8220;default&#8220; background_color=&#8220;RGBA(0,0,0,0)&#8220; max_width=&#8220;1055px&#8220; custom_margin=&#8220;|auto|0px|auto|false|false&#8220; custom_padding=&#8220;0px||50px||false|false&#8220; animation_style=&#8220;zoom&#8220; animation_intensity_zoom=&#8220;4%&#8220;][et_pb_column type=&#8220;4_4&#8243; _builder_version=&#8220;4.9.4&#8243; _module_preset=&#8220;default&#8220; background_enable_image=&#8220;off&#8220;][et_pb_text _builder_version=&#8220;4.9.4&#8243; _module_preset=&#8220;default&#8220; min_height=&#8220;31px&#8220; custom_margin=&#8220;50px||||false|false&#8220;] Beschichtung von Stahlb\u00e4ndern [\/et_pb_text][et_pb_divider divider_weight=&#8220;3px&#8220; _builder_version=&#8220;4.9.4&#8243; _module_preset=&#8220;default&#8220; min_height=&#8220;26px&#8220; custom_margin=&#8220;||9px|||&#8220;][\/et_pb_divider][\/et_pb_column][\/et_pb_row][et_pb_row column_structure=&#8220;1_2,1_2&#8243; _builder_version=&#8220;4.9.4&#8243; _module_preset=&#8220;default&#8220; background_color=&#8220;RGBA(0,0,0,0)&#8220; max_width=&#8220;1055px&#8220; custom_margin=&#8220;|auto|0px|auto|false|false&#8220; custom_padding=&#8220;0px||50px||false|false&#8220; animation_style=&#8220;zoom&#8220; animation_intensity_zoom=&#8220;4%&#8220;][et_pb_column type=&#8220;1_2&#8243; _builder_version=&#8220;4.9.4&#8243; _module_preset=&#8220;default&#8220; background_enable_image=&#8220;off&#8220;][et_pb_cta button_text=&#8220;Clicks&#8220; _builder_version=&#8220;4.9.4&#8243; _module_preset=&#8220;default&#8220; background_color=&#8220;RGBA(0,0,0,0)&#8220; background_enable_image=&#8220;off&#8220; background_layout=&#8220;light&#8220; width=&#8220;100%&#8220; custom_margin=&#8220;-40px||-25px||false|false&#8220;] Das [&hellip;]<\/p>\n","protected":false},"author":4,"featured_media":0,"parent":5024,"menu_order":1,"comment_status":"closed","ping_status":"closed","template":"","meta":{"_et_pb_use_builder":"on","_et_pb_old_content":"","_et_gb_content_width":"","om_disable_all_campaigns":false,"_exactmetrics_skip_tracking":false,"_exactmetrics_sitenote_active":false,"_exactmetrics_sitenote_note":"","_exactmetrics_sitenote_category":0,"_monsterinsights_skip_tracking":false,"_monsterinsights_sitenote_active":false,"_monsterinsights_sitenote_note":"","_monsterinsights_sitenote_category":0,"_uf_show_specific_survey":0,"_uf_disable_surveys":false,"footnotes":""},"class_list":["post-4884","page","type-page","status-publish","hentry"],"aioseo_notices":[],"_links":{"self":[{"href":"https:\/\/me-mt.com\/de\/wp-json\/wp\/v2\/pages\/4884","targetHints":{"allow":["GET"]}}],"collection":[{"href":"https:\/\/me-mt.com\/de\/wp-json\/wp\/v2\/pages"}],"about":[{"href":"https:\/\/me-mt.com\/de\/wp-json\/wp\/v2\/types\/page"}],"author":[{"embeddable":true,"href":"https:\/\/me-mt.com\/de\/wp-json\/wp\/v2\/users\/4"}],"replies":[{"embeddable":true,"href":"https:\/\/me-mt.com\/de\/wp-json\/wp\/v2\/comments?post=4884"}],"version-history":[{"count":5,"href":"https:\/\/me-mt.com\/de\/wp-json\/wp\/v2\/pages\/4884\/revisions"}],"predecessor-version":[{"id":5048,"href":"https:\/\/me-mt.com\/de\/wp-json\/wp\/v2\/pages\/4884\/revisions\/5048"}],"up":[{"embeddable":true,"href":"https:\/\/me-mt.com\/de\/wp-json\/wp\/v2\/pages\/5024"}],"wp:attachment":[{"href":"https:\/\/me-mt.com\/de\/wp-json\/wp\/v2\/media?parent=4884"}],"curies":[{"name":"wp","href":"https:\/\/api.w.org\/{rel}","templated":true}]}}